{"id":9,"date":"2016-08-06T08:15:11","date_gmt":"2016-08-06T08:15:11","guid":{"rendered":"http:\/\/www.av-rheinland.de\/?page_id=9"},"modified":"2022-07-15T17:22:33","modified_gmt":"2022-07-15T17:22:33","slug":"kontakt","status":"publish","type":"page","link":"https:\/\/www.av-rheinland.de\/index.php\/kontakt\/","title":{"rendered":"Kontakt"},"content":{"rendered":"<p><strong>Mitgliederbetreuung<\/strong><\/p>\n<p>&nbsp;<\/p>\n<p>Irene B\u00f6ttcher<\/p>\n<p>Mitgliederbetreuung des Vereins von Altertumsfreunden im Rheinlande e.V.<\/p>\n<p>Email: <a href=\"mailto:IreneBoettcher@freenet.de\">IreneBoettcher@freenet.de<\/a><\/p>\n<p>Tel.: 01515-9880118<\/p>\n<p>&nbsp;<\/p>\n","protected":false},"excerpt":{"rendered":"<p>Mitgliederbetreuung &nbsp; Irene B\u00f6ttcher Mitgliederbetreuung des Vereins von Altertumsfreunden im Rheinlande e.V. Email: IreneBoettcher@freenet.de Tel.: 01515-9880118 &nbsp;<\/p>\n","protected":false},"author":1,"featured_media":0,"parent":0,"menu_order":0,"comment_status":"closed","ping_status":"closed","template":"","meta":{"jetpack_post_was_ever_published":false},"jetpack_sharing_enabled":true,"jetpack_shortlink":"https:\/\/wp.me\/P99Kwc-9","jetpack_likes_enabled":true,"jetpack-related-posts":[{"id":28,"url":"https:\/\/www.av-rheinland.de\/index.php\/mitglied-werden\/","url_meta":{"origin":9,"position":0},"title":"Mitglied werden","author":"altertumsverein","date":"August 6, 2016","format":false,"excerpt":"Was bietet der Verein seinen Mitgliedern? Freien Eintritt ins LVR-LandesMuseum Bonn Preisnachlass bei Sonderausstellungen\/Ausstellungser\u00f6ffnungen ein Exemplar der Bonner Jahrb\u00fccher als Jahresgabe \"Berichte aus Bonn\" zweimal j\u00e4hrlich F\u00fchrungen und Vortr\u00e4ge Exkursionen zu Ausstellungen und arch\u00e4ologischen St\u00e4tten Informationen zum laufendem Programm des Vereins und des LVR-LandesMuseums Bonn. Mitglied werden Wenn Sie Mitglied\u2026","rel":"","context":"\u00c4hnlicher Beitrag","block_context":{"text":"\u00c4hnlicher Beitrag","link":""},"img":{"alt_text":"","src":"","width":0,"height":0},"classes":[]},{"id":2,"url":"https:\/\/www.av-rheinland.de\/","url_meta":{"origin":9,"position":1},"title":"Willkommen","author":"altertumsverein","date":"August 6, 2016","format":false,"excerpt":"Willkommen auf der Homepage des Vereins von Altertumsfreunden im Rheinlande Der Verein von Altertumsfreunden im Rheinlande wurde am 1. Oktober 1841 mit der Zielsetzung gegr\u00fcndet, \"f\u00fcr die Erhaltung, Bekanntmachung und Erkl\u00e4rung geschichtlicher Denkm\u00e4ler aller Art, insbesondere solche aus dem Altertum und dem Mittelalter, in dem Stromgebiete des Rheines Sorge zu\u2026","rel":"","context":"\u00c4hnlicher Beitrag","block_context":{"text":"\u00c4hnlicher Beitrag","link":""},"img":{"alt_text":"","src":"","width":0,"height":0},"classes":[]},{"id":37,"url":"https:\/\/www.av-rheinland.de\/index.php\/impressum\/","url_meta":{"origin":9,"position":2},"title":"Impressum","author":"altertumsverein","date":"August 6, 2016","format":false,"excerpt":"Verein von Altertumsfreunden im Rheinlande Bachstr. 5-9 53115 Bonn Vorstandsvorsitzender: Prof. Dr. Frank Rumscheid Abteilung Klassische Arch\u00e4ologie am Institut f\u00fcr Arch\u00e4ologie und Kulturanthropologie der Universit\u00e4t Bonn Am Hofgarten 21 53113 Bonn \u00a0 Mitgliederbetreuung Irene B\u00f6ttcher Email: IreneBoettcher@freenet.de Tel.: 01515 9880118 Internet: http:\/\/www.av-rheinland.de Haftungshinweis: Trotz sorgf\u00e4ltiger inhaltlicher Kontrolle \u00fcbernehmen wir keine\u2026","rel":"","context":"\u00c4hnlicher Beitrag","block_context":{"text":"\u00c4hnlicher Beitrag","link":""},"img":{"alt_text":"","src":"","width":0,"height":0},"classes":[]},{"id":59,"url":"https:\/\/www.av-rheinland.de\/index.php\/aktuelles\/fuehrungen\/","url_meta":{"origin":9,"position":3},"title":"F\u00fchrungen 2021","author":"altertumsverein","date":"September 26, 2016","format":false,"excerpt":"\u00a0 Exklusiv f\u00fcr Mitglieder des Vereins werden F\u00fchrungen zu arch\u00e4ologischen St\u00e4tten unter wissenschaftlicher Leitung angeboten, in der Regel umsonst. In der arch\u00e4ologischen Museumslandschaft des K\u00f6ln-Bonner Raumes hat sich viel getan und man bleibt dynamisch. Um den \u00dcberblick zu behalten, besichtigen wir mehrere kleine und gro\u00dfe Ausstellungsorte. Die Mitglieder des Altertumsvereins,\u2026","rel":"","context":"\u00c4hnlicher Beitrag","block_context":{"text":"\u00c4hnlicher Beitrag","link":""},"img":{"alt_text":"","src":"","width":0,"height":0},"classes":[]},{"id":667,"url":"https:\/\/www.av-rheinland.de\/index.php\/archiv\/vortraege-2022\/","url_meta":{"origin":9,"position":4},"title":"Vortr\u00e4ge 2022","author":"altertumsverein","date":"Juli 15, 2021","format":false,"excerpt":"Vorschau Donnerstag, 13. Januar 2022, 18:15 Uhr Dr. Mischa Meier (Universit\u00e4t T\u00fcbingen) Anschrift: R\u00f6merstra\u00dfe 164, AVZ III, 53117 Bonn, Beginn 18.15 Uhr \u00a0 Der Untergang des R\u00f6mischen Reiches Warum der Osten \u00fcberlebt hat Warum erlebte das Ostr\u00f6mische oder Byzantinische Reich im siebten und achten Jahrhundert nicht ein \u00e4hnliches Schicksal wie\u2026","rel":"","context":"\u00c4hnlicher Beitrag","block_context":{"text":"\u00c4hnlicher Beitrag","link":""},"img":{"alt_text":"","src":"https:\/\/i0.wp.com\/www.av-rheinland.de\/wp-content\/uploads\/2022\/05\/P1030380_color_abgedunkelter-Hintergr-230x300.jpg?resize=350%2C200","width":350,"height":200},"classes":[]},{"id":368,"url":"https:\/\/www.av-rheinland.de\/index.php\/datenschutzerklaerung\/","url_meta":{"origin":9,"position":5},"title":"Datenschutzerkl\u00e4rung","author":"altertumsverein","date":"Juni 1, 2018","format":false,"excerpt":"Datenschutzerkl\u00e4rung Diese Datenschutzerkl\u00e4rung kl\u00e4rt Sie \u00fcber die Art, den Umfang und Zweck der Verarbeitung von personenbezogenen Daten (nachfolgend kurz \u201eDaten\u201c) innerhalb unseres Onlineangebotes und der mit ihm verbundenen Webseiten, Funktionen und Inhalte sowie externen Onlinepr\u00e4senzen, wie z.B. unser Social Media Profile auf (nachfolgend gemeinsam bezeichnet als \u201eOnlineangebot\u201c). Im Hinblick auf\u2026","rel":"","context":"\u00c4hnlicher Beitrag","block_context":{"text":"\u00c4hnlicher Beitrag","link":""},"img":{"alt_text":"","src":"","width":0,"height":0},"classes":[]}],"_links":{"self":[{"href":"https:\/\/www.av-rheinland.de\/index.php\/wp-json\/wp\/v2\/pages\/9"}],"collection":[{"href":"https:\/\/www.av-rheinland.de\/index.php\/wp-json\/wp\/v2\/pages"}],"about":[{"href":"https:\/\/www.av-rheinland.de\/index.php\/wp-json\/wp\/v2\/types\/page"}],"author":[{"embeddable":true,"href":"https:\/\/www.av-rheinland.de\/index.php\/wp-json\/wp\/v2\/users\/1"}],"replies":[{"embeddable":true,"href":"https:\/\/www.av-rheinland.de\/index.php\/wp-json\/wp\/v2\/comments?post=9"}],"version-history":[{"count":9,"href":"https:\/\/www.av-rheinland.de\/index.php\/wp-json\/wp\/v2\/pages\/9\/revisions"}],"predecessor-version":[{"id":757,"href":"https:\/\/www.av-rheinland.de\/index.php\/wp-json\/wp\/v2\/pages\/9\/revisions\/757"}],"wp:attachment":[{"href":"https:\/\/www.av-rheinland.de\/index.php\/wp-json\/wp\/v2\/media?parent=9"}],"curies":[{"name":"wp","href":"https:\/\/api.w.org\/{rel}","templated":true}]}}