{"id":7,"date":"2016-08-06T08:14:49","date_gmt":"2016-08-06T08:14:49","guid":{"rendered":"http:\/\/www.av-rheinland.de\/?page_id=7"},"modified":"2016-09-26T11:34:53","modified_gmt":"2016-09-26T11:34:53","slug":"archiv","status":"publish","type":"page","link":"https:\/\/www.av-rheinland.de\/index.php\/archiv\/","title":{"rendered":"Archiv"},"content":{"rendered":"<p>Im Archiv finden sich Texte und Termine zu ehemaligen Ausfl\u00fcgen und Exkursionen. Es wird fortlaufend erweitert.<\/p>\n","protected":false},"excerpt":{"rendered":"<p>Im Archiv finden sich Texte und Termine zu ehemaligen Ausfl\u00fcgen und Exkursionen. Es wird fortlaufend erweitert.<\/p>\n","protected":false},"author":1,"featured_media":0,"parent":0,"menu_order":0,"comment_status":"closed","ping_status":"closed","template":"","meta":{"jetpack_post_was_ever_published":false},"jetpack_sharing_enabled":true,"jetpack_shortlink":"https:\/\/wp.me\/P99Kwc-7","jetpack_likes_enabled":true,"jetpack-related-posts":[{"id":57,"url":"https:\/\/www.av-rheinland.de\/index.php\/archiv\/ausfluge-und-exkursionen\/","url_meta":{"origin":7,"position":0},"title":"Ausfl\u00fcge und Exkursionen","author":"altertumsverein","date":"September 26, 2016","format":false,"excerpt":"Ausfl\u00fcge und Exkursionen 1997 18.-25.9.1997 Zu den fr\u00fchen St\u00e4tten der Christenheit in Irland: Dublin, Aran-Inseln, Galway, Dingle-Halbinsel, Monasterbice, Newrange, Dowth, Knoth, Cashel 1999 29.5.-6.6.1999 Romanische Kirchen und Kl\u00f6ster am Nordhang der Pyren\u00e4en: Viednne, Orange, Perpignan, Kloster Elne, Festung Sales, Priorat Serrabone, Canigou, Villefranche de Conflet, Mont St.Louis, Pont de Gard,\u2026","rel":"","context":"\u00c4hnlicher Beitrag","block_context":{"text":"\u00c4hnlicher Beitrag","link":""},"img":{"alt_text":"","src":"","width":0,"height":0},"classes":[]},{"id":550,"url":"https:\/\/www.av-rheinland.de\/index.php\/archiv\/vortraege-2020\/","url_meta":{"origin":7,"position":1},"title":"Vortr\u00e4ge 2020","author":"altertumsverein","date":"Oktober 17, 2019","format":false,"excerpt":"Donnerstag 18. Juni 2020, 18:15 Uhr \/ Der Vortrag hat aufgrund der Corona-Pandemie nicht stattgefunden. Er wird nachgeholt. Wir informieren Sie zeitnah, sobald ein Termin feststeht. Prof. Dr. Gunnar Seelentag (Universit\u00e4t Hannover) Das Kartell. Ein Modell soziopolitischer Organisation im fr\u00fchen Griechenland H\u00f6rsaal des Akademischen Kunstmuseums Bonn, Am Hofgarten 21, 53113\u2026","rel":"","context":"\u00c4hnlicher Beitrag","block_context":{"text":"\u00c4hnlicher Beitrag","link":""},"img":{"alt_text":"","src":"","width":0,"height":0},"classes":[]},{"id":237,"url":"https:\/\/www.av-rheinland.de\/index.php\/archiv\/vortraege-2018\/","url_meta":{"origin":7,"position":2},"title":"Vortr\u00e4ge 2018","author":"altertumsverein","date":"Oktober 27, 2017","format":false,"excerpt":"Hier finden Sie das Vortragsprogramm 2018 Donnerstag 6. Dezember 2018, 18:15 Uhr Winckelmannsvortrag Dr. Jutta Stroszeck (Athen) Die Entdeckung eines Orakelheiligtums im Kerameikos von Athen H\u00f6rsaal des Akademischen Kunstmuseums Bonn, Am Hofgarten 21, 53113 Bonn \u00a0 Der Kerameikos von Athen, einer der antiken Friedh\u00f6fe der Stadt, wird seit mehr als\u2026","rel":"","context":"\u00c4hnlicher Beitrag","block_context":{"text":"\u00c4hnlicher Beitrag","link":""},"img":{"alt_text":"","src":"","width":0,"height":0},"classes":[]},{"id":667,"url":"https:\/\/www.av-rheinland.de\/index.php\/archiv\/vortraege-2022\/","url_meta":{"origin":7,"position":3},"title":"Vortr\u00e4ge 2022","author":"altertumsverein","date":"Juli 15, 2021","format":false,"excerpt":"Vorschau Donnerstag, 13. Januar 2022, 18:15 Uhr Dr. Mischa Meier (Universit\u00e4t T\u00fcbingen) Anschrift: R\u00f6merstra\u00dfe 164, AVZ III, 53117 Bonn, Beginn 18.15 Uhr \u00a0 Der Untergang des R\u00f6mischen Reiches Warum der Osten \u00fcberlebt hat Warum erlebte das Ostr\u00f6mische oder Byzantinische Reich im siebten und achten Jahrhundert nicht ein \u00e4hnliches Schicksal wie\u2026","rel":"","context":"\u00c4hnlicher Beitrag","block_context":{"text":"\u00c4hnlicher Beitrag","link":""},"img":{"alt_text":"","src":"https:\/\/i0.wp.com\/www.av-rheinland.de\/wp-content\/uploads\/2022\/05\/P1030380_color_abgedunkelter-Hintergr-230x300.jpg?resize=350%2C200","width":350,"height":200},"classes":[]},{"id":635,"url":"https:\/\/www.av-rheinland.de\/index.php\/archiv\/vortraege-2021\/","url_meta":{"origin":7,"position":4},"title":"Vortr\u00e4ge 2021","author":"altertumsverein","date":"Dezember 9, 2020","format":false,"excerpt":"2021 Donnerstag, 2. September 2021, 18:15 Uhr Dr. Jan Schuster (Universit\u00e4t \u0141\u00f3d\u017a) Ort: LVR-LandesMuseum Bonn, Colmantstra\u00dfe 14-16, 53115 Bonn Kein Prunk ohne Rom Die abh\u00e4ngigen germanischen Eliten in der R\u00f6mischen Kaiserzeit Das Bild der Forschung von den Spitzen der sozialen Hierarchie in der Germania magna ist stark von der Auseinandersetzung\u2026","rel":"","context":"\u00c4hnlicher Beitrag","block_context":{"text":"\u00c4hnlicher Beitrag","link":""},"img":{"alt_text":"Alle bekannten r\u00c3\u00b6mischen Kessel, auf denen Germanen mit Suebenknoten dargestellt sind, wurden au\u00c3\u009ferhalb des R\u00c3\u00b6mischen Reiches gefunden und waren vermutlich meist als Geschenk dorthin gekommen. Hier die Attasche des St\u00c3\u00bcckes von Czarn\u00c3\u00b3wko (Polen), Grab R430, aus der zweiten H\u00c3\u00a4lfte des zweiten Jahrhunderts. Foto: Jan Schuster.","src":"https:\/\/i0.wp.com\/www.av-rheinland.de\/wp-content\/uploads\/2021\/07\/IMG_3983-1024x683.jpg?resize=350%2C200","width":350,"height":200,"srcset":"https:\/\/i0.wp.com\/www.av-rheinland.de\/wp-content\/uploads\/2021\/07\/IMG_3983-1024x683.jpg?resize=350%2C200 1x, https:\/\/i0.wp.com\/www.av-rheinland.de\/wp-content\/uploads\/2021\/07\/IMG_3983-1024x683.jpg?resize=525%2C300 1.5x"},"classes":[]},{"id":28,"url":"https:\/\/www.av-rheinland.de\/index.php\/mitglied-werden\/","url_meta":{"origin":7,"position":5},"title":"Mitglied werden","author":"altertumsverein","date":"August 6, 2016","format":false,"excerpt":"Was bietet der Verein seinen Mitgliedern? Freien Eintritt ins LVR-LandesMuseum Bonn Preisnachlass bei Sonderausstellungen\/Ausstellungser\u00f6ffnungen ein Exemplar der Bonner Jahrb\u00fccher als Jahresgabe \"Berichte aus Bonn\" zweimal j\u00e4hrlich F\u00fchrungen und Vortr\u00e4ge Exkursionen zu Ausstellungen und arch\u00e4ologischen St\u00e4tten Informationen zum laufendem Programm des Vereins und des LVR-LandesMuseums Bonn. Mitglied werden Wenn Sie Mitglied\u2026","rel":"","context":"\u00c4hnlicher Beitrag","block_context":{"text":"\u00c4hnlicher Beitrag","link":""},"img":{"alt_text":"","src":"","width":0,"height":0},"classes":[]}],"_links":{"self":[{"href":"https:\/\/www.av-rheinland.de\/index.php\/wp-json\/wp\/v2\/pages\/7"}],"collection":[{"href":"https:\/\/www.av-rheinland.de\/index.php\/wp-json\/wp\/v2\/pages"}],"about":[{"href":"https:\/\/www.av-rheinland.de\/index.php\/wp-json\/wp\/v2\/types\/page"}],"author":[{"embeddable":true,"href":"https:\/\/www.av-rheinland.de\/index.php\/wp-json\/wp\/v2\/users\/1"}],"replies":[{"embeddable":true,"href":"https:\/\/www.av-rheinland.de\/index.php\/wp-json\/wp\/v2\/comments?post=7"}],"version-history":[{"count":2,"href":"https:\/\/www.av-rheinland.de\/index.php\/wp-json\/wp\/v2\/pages\/7\/revisions"}],"predecessor-version":[{"id":63,"href":"https:\/\/www.av-rheinland.de\/index.php\/wp-json\/wp\/v2\/pages\/7\/revisions\/63"}],"wp:attachment":[{"href":"https:\/\/www.av-rheinland.de\/index.php\/wp-json\/wp\/v2\/media?parent=7"}],"curies":[{"name":"wp","href":"https:\/\/api.w.org\/{rel}","templated":true}]}}