{"id":37,"date":"2016-08-06T08:58:24","date_gmt":"2016-08-06T08:58:24","guid":{"rendered":"http:\/\/www.av-rheinland.de\/?page_id=37"},"modified":"2022-07-15T17:23:21","modified_gmt":"2022-07-15T17:23:21","slug":"impressum","status":"publish","type":"page","link":"https:\/\/www.av-rheinland.de\/index.php\/impressum\/","title":{"rendered":"Impressum"},"content":{"rendered":"<p>Verein von Altertumsfreunden im Rheinlande<br \/>\n<span style=\"font-size: medium;\">Bachstr. 5-9<br \/>\n53115 Bonn<\/span><\/p>\n<p><strong>Vorstandsvorsitzender:<\/strong><\/p>\n<p>Prof. Dr. Frank Rumscheid<br \/>\nAbteilung Klassische Arch\u00e4ologie am Institut f\u00fcr Arch\u00e4ologie und Kulturanthropologie der Universit\u00e4t Bonn<br \/>\nAm Hofgarten 21<br \/>\n53113 Bonn<\/p>\n<p>&nbsp;<\/p>\n<p><strong>Mitgliederbetreuung<br \/>\n<\/strong>Irene B\u00f6ttcher<\/p>\n<p>Email: <a href=\"mailto:IreneBoettcher@freenet.de\">IreneBoettcher@freenet.de<\/a><\/p>\n<p>Tel.: 01515 9880118<\/p>\n<p>Internet: <a href=\"http:\/\/www.av-rheinland.de\">http:\/\/www.av-rheinland.de<\/a><\/p>\n<p>Haftungshinweis: Trotz sorgf\u00e4ltiger inhaltlicher Kontrolle \u00fcbernehmen wir keine Haftung f\u00fcr die Inhalte externer Links. F\u00fcr den Inhalt der verlinkten Seiten sind ausschlie\u00dflich deren Betreiber verantwortlich.<\/p>\n","protected":false},"excerpt":{"rendered":"<p>Verein von Altertumsfreunden im Rheinlande Bachstr. 5-9 53115 Bonn Vorstandsvorsitzender: Prof. Dr. Frank Rumscheid Abteilung Klassische Arch\u00e4ologie am Institut f\u00fcr Arch\u00e4ologie und Kulturanthropologie der Universit\u00e4t Bonn Am Hofgarten 21 53113 Bonn &nbsp; Mitgliederbetreuung Irene B\u00f6ttcher Email: IreneBoettcher@freenet.de Tel.: 01515 9880118 Internet: http:\/\/www.av-rheinland.de Haftungshinweis: Trotz sorgf\u00e4ltiger inhaltlicher Kontrolle \u00fcbernehmen wir keine Haftung f\u00fcr die Inhalte externer &hellip; <\/p>\n<p class=\"link-more\"><a href=\"https:\/\/www.av-rheinland.de\/index.php\/impressum\/\" class=\"more-link\"><span class=\"screen-reader-text\">\u201eImpressum\u201c<\/span> weiterlesen<\/a><\/p>\n","protected":false},"author":1,"featured_media":0,"parent":0,"menu_order":0,"comment_status":"closed","ping_status":"closed","template":"","meta":{"jetpack_post_was_ever_published":false},"jetpack_sharing_enabled":true,"jetpack_shortlink":"https:\/\/wp.me\/P99Kwc-B","jetpack_likes_enabled":true,"jetpack-related-posts":[{"id":23,"url":"https:\/\/www.av-rheinland.de\/index.php\/der-verein\/der-vorstand\/","url_meta":{"origin":37,"position":0},"title":"Der Vorstand","author":"altertumsverein","date":"August 6, 2016","format":false,"excerpt":"Vorsitzender: Prof. Dr. Frank Rumscheid Abteilung Klassische Arch\u00e4ologie am Institut f\u00fcr Arch\u00e4ologie und Kulturanthropologie der Universit\u00e4t Bonn Am Hofgarten 21 53113 Bonn \u00a0 Stellvertretender Vorsitzender: Prof. Dr. Konrad V\u00f6ssing Abteilung Alte Geschichte des Instituts f\u00fcr Geschichtswissenschaft der Universit\u00e4t Bonn Heinrich-von-Kleist-Str. 22-28 53113 Bonn \u00a0 Schriftf\u00fchrer: Christian Kaldenhoff Kaldenhoff Negm Rechtsanw\u00e4lte\u2026","rel":"","context":"\u00c4hnlicher Beitrag","block_context":{"text":"\u00c4hnlicher Beitrag","link":""},"img":{"alt_text":"","src":"","width":0,"height":0},"classes":[]},{"id":11,"url":"https:\/\/www.av-rheinland.de\/index.php\/der-verein\/","url_meta":{"origin":37,"position":1},"title":"Der Verein","author":"altertumsverein","date":"August 6, 2016","format":false,"excerpt":"Die Aufgaben des Vereins Der Verein von Altertumsfreunden im Rheinlande gibt zusammen mit dem LVR-LandesMuseum Bonn und dem LVR-Amt f\u00fcr Bodendenkmalpflege im Rheinland die Bonner Jahrb\u00fccher heraus. unterst\u00fctzt die Arbeit des LVR-LandesMuseums Bonn durch finanzielle Zusch\u00fcsse f\u00fcr Neuerwerbungen, f\u00fcr die gemeinsame Bibliothek von Museum und Verein, f\u00fcr Ver\u00f6ffentlichungen und f\u00fcr\u2026","rel":"","context":"\u00c4hnlicher Beitrag","block_context":{"text":"\u00c4hnlicher Beitrag","link":""},"img":{"alt_text":"","src":"https:\/\/i0.wp.com\/www.av-rheinland.de\/wp-content\/uploads\/2016\/08\/A_139_0-11.jpg?resize=350%2C200","width":350,"height":200},"classes":[]},{"id":1218,"url":"https:\/\/www.av-rheinland.de\/index.php\/vortraege-2025\/","url_meta":{"origin":37,"position":2},"title":"Vortr\u00e4ge 2025","author":"altertumsverein","date":"Januar 8, 2025","format":false,"excerpt":"Vorschau \u00a0 Donnerstag, den 16. Januar 2025, 18:15 Uhr H\u00f6rsaal der Klassischen Arch\u00e4ologie, AVZ III, R\u00f6merstra\u00dfe 164, Bonn Prof. Dr. Hartmut Matth\u00e4us (Universit\u00e4t Erlangen) Prinias: ein urbanes Zentrum des fr\u00fchen ersten Jahrtausends v. Chr. auf der Insel Kreta Stadtanlage, Nekropole, transmaritime Beziehungen w\u00e4hrend der ,Dark Ages\u02bb Prinias liegt an strategisch\u2026","rel":"","context":"\u00c4hnlicher Beitrag","block_context":{"text":"\u00c4hnlicher Beitrag","link":""},"img":{"alt_text":"","src":"https:\/\/i0.wp.com\/www.av-rheinland.de\/wp-content\/uploads\/2024\/12\/IMG_4685-300x200.jpg?resize=350%2C200","width":350,"height":200},"classes":[]},{"id":174,"url":"https:\/\/www.av-rheinland.de\/index.php\/der-verein\/publikationen\/bonner-jahrbuecher\/","url_meta":{"origin":37,"position":3},"title":"Bonner Jahrb\u00fccher","author":"altertumsverein","date":"September 7, 2017","format":false,"excerpt":"Herausgeber der Zeitschrift sind das Rheinische Landesmuseum Bonn und die Rheinische Bodendenkmalpflege, die beide dem Landschaftsverband Rheinland angeh\u00f6ren, sowie als Begr\u00fcnder des Blattes der Verein von Altertumsfreunden im Rheinlande. Die Bonner Jahrb\u00fccher verstehen sich als internationales wissenschaftliches Publikationsmedium f\u00fcr Arch\u00e4ologie und Geschichte. Neben der Klassischen Antike des Mittelmeerraumes gilt besonderes\u2026","rel":"","context":"\u00c4hnlicher Beitrag","block_context":{"text":"\u00c4hnlicher Beitrag","link":""},"img":{"alt_text":"","src":"","width":0,"height":0},"classes":[]},{"id":667,"url":"https:\/\/www.av-rheinland.de\/index.php\/archiv\/vortraege-2022\/","url_meta":{"origin":37,"position":4},"title":"Vortr\u00e4ge 2022","author":"altertumsverein","date":"Juli 15, 2021","format":false,"excerpt":"Vorschau Donnerstag, 13. Januar 2022, 18:15 Uhr Dr. Mischa Meier (Universit\u00e4t T\u00fcbingen) Anschrift: R\u00f6merstra\u00dfe 164, AVZ III, 53117 Bonn, Beginn 18.15 Uhr \u00a0 Der Untergang des R\u00f6mischen Reiches Warum der Osten \u00fcberlebt hat Warum erlebte das Ostr\u00f6mische oder Byzantinische Reich im siebten und achten Jahrhundert nicht ein \u00e4hnliches Schicksal wie\u2026","rel":"","context":"\u00c4hnlicher Beitrag","block_context":{"text":"\u00c4hnlicher Beitrag","link":""},"img":{"alt_text":"","src":"https:\/\/i0.wp.com\/www.av-rheinland.de\/wp-content\/uploads\/2022\/05\/P1030380_color_abgedunkelter-Hintergr-230x300.jpg?resize=350%2C200","width":350,"height":200},"classes":[]},{"id":872,"url":"https:\/\/www.av-rheinland.de\/index.php\/archiv\/vortraege-2023\/","url_meta":{"origin":37,"position":5},"title":"Vortr\u00e4ge 2023","author":"altertumsverein","date":"Oktober 24, 2022","format":false,"excerpt":"Vorschau \u00a0 Donnerstag, den 19. Januar 2023, 18:15 Uhr KIassische Arch\u00e4ologie und Akademisches Kunstmuseum, R\u00f6merstra\u00dfe 164, 53117 Bonn Dr. des. Stefan Pircher, M\u00fchldorf im M\u00f6lltal (K\u00e4rnten) und K\u00f6ln Xanten \u2013 Gr\u00e4ber und Stra\u00dfe Bestattungen des ersten Jahrhunderts im sp\u00e4teren Stadtgebiet Ein r\u00f6misches Brandgrab des ersten nachchristlichen Jahrhunderts. Foto LVR-R\u00f6mermuseum und\u2026","rel":"","context":"\u00c4hnlicher Beitrag","block_context":{"text":"\u00c4hnlicher Beitrag","link":""},"img":{"alt_text":"","src":"https:\/\/i0.wp.com\/www.av-rheinland.de\/wp-content\/uploads\/2023\/07\/Illu-Valsgaerde-7_J.Andersson_klein.jpg?resize=350%2C200","width":350,"height":200},"classes":[]}],"_links":{"self":[{"href":"https:\/\/www.av-rheinland.de\/index.php\/wp-json\/wp\/v2\/pages\/37"}],"collection":[{"href":"https:\/\/www.av-rheinland.de\/index.php\/wp-json\/wp\/v2\/pages"}],"about":[{"href":"https:\/\/www.av-rheinland.de\/index.php\/wp-json\/wp\/v2\/types\/page"}],"author":[{"embeddable":true,"href":"https:\/\/www.av-rheinland.de\/index.php\/wp-json\/wp\/v2\/users\/1"}],"replies":[{"embeddable":true,"href":"https:\/\/www.av-rheinland.de\/index.php\/wp-json\/wp\/v2\/comments?post=37"}],"version-history":[{"count":7,"href":"https:\/\/www.av-rheinland.de\/index.php\/wp-json\/wp\/v2\/pages\/37\/revisions"}],"predecessor-version":[{"id":810,"href":"https:\/\/www.av-rheinland.de\/index.php\/wp-json\/wp\/v2\/pages\/37\/revisions\/810"}],"wp:attachment":[{"href":"https:\/\/www.av-rheinland.de\/index.php\/wp-json\/wp\/v2\/media?parent=37"}],"curies":[{"name":"wp","href":"https:\/\/api.w.org\/{rel}","templated":true}]}}