{"id":23,"date":"2016-08-06T08:39:33","date_gmt":"2016-08-06T08:39:33","guid":{"rendered":"http:\/\/www.av-rheinland.de\/?page_id=23"},"modified":"2026-04-07T09:01:30","modified_gmt":"2026-04-07T09:01:30","slug":"der-vorstand","status":"publish","type":"page","link":"https:\/\/www.av-rheinland.de\/index.php\/der-verein\/der-vorstand\/","title":{"rendered":"Der Vorstand"},"content":{"rendered":"<h5>Vorsitzender:<\/h5>\n<p><b>Prof. Dr. Frank Rumscheid<\/b><\/p>\n<p>Abteilung Klassische Arch\u00e4ologie am Institut f\u00fcr Arch\u00e4ologie und Kulturanthropologie der Universit\u00e4t Bonn<br \/>\nAm Hofgarten 21<br \/>\n53113 Bonn<\/p>\n<p>&nbsp;<\/p>\n<h5>Stellvertretender Vorsitzender:<\/h5>\n<p><b>Prof. Dr. Konrad V\u00f6ssing<\/b><\/p>\n<p>Abteilung Alte Geschichte des Instituts f\u00fcr Geschichtswissenschaft der Universit\u00e4t Bonn<br \/>\nHeinrich-von-Kleist-Str. 22-28<br \/>\n53113 Bonn<\/p>\n<p>&nbsp;<\/p>\n<h5>Schriftf\u00fchrer:<\/h5>\n<p><b>Christian Kaldenhoff<\/b><\/p>\n<p>Kaldenhoff Negm Rechtsanw\u00e4lte<br \/>\nGoebenstra\u00dfe 3<br \/>\n50672 K\u00f6ln<\/p>\n<p>&nbsp;<\/p>\n<h5>Stellvertretender Schriftf\u00fchrer:<\/h5>\n<p><b>Dr. Olaf Dr\u00e4ger<\/b><\/p>\n<p>LVR-LandesMuseum Bonn<br \/>\nBachstr. 5 &#8211; 9<br \/>\n53115 Bonn<\/p>\n<p>&nbsp;<\/p>\n<h5>Schatzmeister<\/h5>\n<p><b>Prof. Dr. Winfried Schmitz<\/b><\/p>\n<p>Abteilung Alte Geschichte am Institut f\u00fcr Geschichtswissenschaft der Universit\u00e4t Bonn<br \/>\nHeinrich-von-Kleist-Str. 22-28<br \/>\n53113 Bonn<\/p>\n<p>&nbsp;<\/p>\n<h5>Vorstandsmitglieder:<\/h5>\n<p><b>Prof. Dr. Jan Bemmann<\/b><\/p>\n<p>Abteilung Vor- und Fr\u00fchgeschichtliche Arch\u00e4ologie am Institut f\u00fcr Kunstgeschichte und Arch\u00e4ologie der Universit\u00e4t Bonn<br \/>\nRegina-Pacis-Weg 7<br \/>\n53113 Bonn<\/p>\n<p>&nbsp;<\/p>\n<p><b>Prof. Dr. Martin Bentz<\/b><\/p>\n<p>Abteilung Klassische Arch\u00e4ologie am Institut f\u00fcr Arch\u00e4ologie und Kulturanthropologie der Universit\u00e4t Bonn<br \/>\nAm Hofgarten 21<br \/>\n53113 Bonn<\/p>\n<p>&nbsp;<\/p>\n<p><strong>Dr. Erich Cla\u00dfen<\/strong><\/p>\n<p><span style=\"font-size: 1rem;\">Amtsleiter LVR-Amt f\u00fcr Bodendenkmalpflege im Rheinland<br \/>\n<\/span>Endenicher Str. 133<br \/>\n53115 Bonn<\/p>\n<p>&nbsp;<\/p>\n<p><b>Prof. Dr. Julia Hillner<\/b><\/p>\n<p>Abteilung Alte Geschichte am Institut f\u00fcr Geschichtswissenschaft der Universit\u00e4t Bonn<br \/>\nHeinrich-von-Kleist-Str. 22-28<br \/>\n53113 Bonn<\/p>\n<p>&nbsp;<\/p>\n<p><b>Prof. Dr. Harald Mielsch<\/b><\/p>\n<p>Abteilung Klassische Arch\u00e4ologie am Institut f\u00fcr Kunstgeschichte und Arch\u00e4ologie der Universit\u00e4t Bonn<br \/>\nAm Hofgarten 21<br \/>\n53113 Bonn<\/p>\n<p>&nbsp;<\/p>\n<p><strong>Dr. Hans-Hoyer von Prittwitz und Gaffron<\/strong><\/p>\n<p>Helmholtzstr. 20<br \/>\n53123 Bonn<\/p>\n<p>&nbsp;<\/p>\n<p><b>Prof. Dr. Thorsten Valk<\/b><\/p>\n<p>Direktor des LVR-LandesMuseums Bonn<br \/>\nBachstr. 5 &#8211; 9<br \/>\n53115 Bonn<\/p>\n<p><b>Dr. Susanne Willer<\/b><\/p>\n<p>LVR-LandesMuseum Bonn<br \/>\nBachstr. 5 &#8211; 9<br \/>\n53115 Bonn<\/p>\n","protected":false},"excerpt":{"rendered":"<p>Vorsitzender: Prof. Dr. Frank Rumscheid Abteilung Klassische Arch\u00e4ologie am Institut f\u00fcr Arch\u00e4ologie und Kulturanthropologie der Universit\u00e4t Bonn Am Hofgarten 21 53113 Bonn &nbsp; Stellvertretender Vorsitzender: Prof. Dr. Konrad V\u00f6ssing Abteilung Alte Geschichte des Instituts f\u00fcr Geschichtswissenschaft der Universit\u00e4t Bonn Heinrich-von-Kleist-Str. 22-28 53113 Bonn &nbsp; Schriftf\u00fchrer: Christian Kaldenhoff Kaldenhoff Negm Rechtsanw\u00e4lte Goebenstra\u00dfe 3 50672 K\u00f6ln &nbsp; &hellip; <\/p>\n<p class=\"link-more\"><a href=\"https:\/\/www.av-rheinland.de\/index.php\/der-verein\/der-vorstand\/\" class=\"more-link\"><span class=\"screen-reader-text\">\u201eDer Vorstand\u201c<\/span> weiterlesen<\/a><\/p>\n","protected":false},"author":1,"featured_media":0,"parent":11,"menu_order":0,"comment_status":"closed","ping_status":"closed","template":"","meta":{"jetpack_post_was_ever_published":false},"jetpack_sharing_enabled":true,"jetpack_shortlink":"https:\/\/wp.me\/P99Kwc-n","jetpack_likes_enabled":true,"jetpack-related-posts":[{"id":37,"url":"https:\/\/www.av-rheinland.de\/index.php\/impressum\/","url_meta":{"origin":23,"position":0},"title":"Impressum","author":"altertumsverein","date":"August 6, 2016","format":false,"excerpt":"Verein von Altertumsfreunden im Rheinlande Bachstr. 5-9 53115 Bonn Vorstandsvorsitzender: Prof. Dr. Frank Rumscheid Abteilung Klassische Arch\u00e4ologie am Institut f\u00fcr Arch\u00e4ologie und Kulturanthropologie der Universit\u00e4t Bonn Am Hofgarten 21 53113 Bonn \u00a0 Mitgliederbetreuung Irene B\u00f6ttcher Email: IreneBoettcher@freenet.de Tel.: 01515 9880118 Internet: http:\/\/www.av-rheinland.de Haftungshinweis: Trotz sorgf\u00e4ltiger inhaltlicher Kontrolle \u00fcbernehmen wir keine\u2026","rel":"","context":"\u00c4hnlicher Beitrag","block_context":{"text":"\u00c4hnlicher Beitrag","link":""},"img":{"alt_text":"","src":"","width":0,"height":0},"classes":[]},{"id":412,"url":"https:\/\/www.av-rheinland.de\/index.php\/archiv\/vortraege-2019\/","url_meta":{"origin":23,"position":1},"title":"Vortr\u00e4ge 2019","author":"altertumsverein","date":"Oktober 26, 2018","format":false,"excerpt":"Donnerstag 12. Dezember 2019, 18:15 Uhr, Winckelmannvortrag Prof. Dr. Eric Moormann (Universit\u00e4t Nimwegen) Heilige Bilder: Botschaft oder Dekoration? Die Wandmalerei der Synagoge von Dura Europos in Syrien H\u00f6rsaal des Akademischen Kunstmuseums Bonn, Am Hofgarten 21, 53113 Bonn Auf der Grundlage einer Zusammenstellung der gemalten Dekorationen antiker Heiligt\u00fcmer sollen die vieldiskutierten\u2026","rel":"","context":"\u00c4hnlicher Beitrag","block_context":{"text":"\u00c4hnlicher Beitrag","link":""},"img":{"alt_text":"","src":"","width":0,"height":0},"classes":[]},{"id":1218,"url":"https:\/\/www.av-rheinland.de\/index.php\/vortraege-2025\/","url_meta":{"origin":23,"position":2},"title":"Vortr\u00e4ge 2025","author":"altertumsverein","date":"Januar 8, 2025","format":false,"excerpt":"Vorschau \u00a0 Donnerstag, den 16. Januar 2025, 18:15 Uhr H\u00f6rsaal der Klassischen Arch\u00e4ologie, AVZ III, R\u00f6merstra\u00dfe 164, Bonn Prof. Dr. Hartmut Matth\u00e4us (Universit\u00e4t Erlangen) Prinias: ein urbanes Zentrum des fr\u00fchen ersten Jahrtausends v. Chr. auf der Insel Kreta Stadtanlage, Nekropole, transmaritime Beziehungen w\u00e4hrend der ,Dark Ages\u02bb Prinias liegt an strategisch\u2026","rel":"","context":"\u00c4hnlicher Beitrag","block_context":{"text":"\u00c4hnlicher Beitrag","link":""},"img":{"alt_text":"","src":"https:\/\/i0.wp.com\/www.av-rheinland.de\/wp-content\/uploads\/2024\/12\/IMG_4685-300x200.jpg?resize=350%2C200","width":350,"height":200},"classes":[]},{"id":667,"url":"https:\/\/www.av-rheinland.de\/index.php\/archiv\/vortraege-2022\/","url_meta":{"origin":23,"position":3},"title":"Vortr\u00e4ge 2022","author":"altertumsverein","date":"Juli 15, 2021","format":false,"excerpt":"Vorschau Donnerstag, 13. Januar 2022, 18:15 Uhr Dr. Mischa Meier (Universit\u00e4t T\u00fcbingen) Anschrift: R\u00f6merstra\u00dfe 164, AVZ III, 53117 Bonn, Beginn 18.15 Uhr \u00a0 Der Untergang des R\u00f6mischen Reiches Warum der Osten \u00fcberlebt hat Warum erlebte das Ostr\u00f6mische oder Byzantinische Reich im siebten und achten Jahrhundert nicht ein \u00e4hnliches Schicksal wie\u2026","rel":"","context":"\u00c4hnlicher Beitrag","block_context":{"text":"\u00c4hnlicher Beitrag","link":""},"img":{"alt_text":"","src":"https:\/\/i0.wp.com\/www.av-rheinland.de\/wp-content\/uploads\/2022\/05\/P1030380_color_abgedunkelter-Hintergr-230x300.jpg?resize=350%2C200","width":350,"height":200},"classes":[]},{"id":550,"url":"https:\/\/www.av-rheinland.de\/index.php\/archiv\/vortraege-2020\/","url_meta":{"origin":23,"position":4},"title":"Vortr\u00e4ge 2020","author":"altertumsverein","date":"Oktober 17, 2019","format":false,"excerpt":"Donnerstag 18. Juni 2020, 18:15 Uhr \/ Der Vortrag hat aufgrund der Corona-Pandemie nicht stattgefunden. Er wird nachgeholt. Wir informieren Sie zeitnah, sobald ein Termin feststeht. Prof. Dr. Gunnar Seelentag (Universit\u00e4t Hannover) Das Kartell. Ein Modell soziopolitischer Organisation im fr\u00fchen Griechenland H\u00f6rsaal des Akademischen Kunstmuseums Bonn, Am Hofgarten 21, 53113\u2026","rel":"","context":"\u00c4hnlicher Beitrag","block_context":{"text":"\u00c4hnlicher Beitrag","link":""},"img":{"alt_text":"","src":"","width":0,"height":0},"classes":[]},{"id":872,"url":"https:\/\/www.av-rheinland.de\/index.php\/archiv\/vortraege-2023\/","url_meta":{"origin":23,"position":5},"title":"Vortr\u00e4ge 2023","author":"altertumsverein","date":"Oktober 24, 2022","format":false,"excerpt":"Vorschau \u00a0 Donnerstag, den 19. Januar 2023, 18:15 Uhr KIassische Arch\u00e4ologie und Akademisches Kunstmuseum, R\u00f6merstra\u00dfe 164, 53117 Bonn Dr. des. Stefan Pircher, M\u00fchldorf im M\u00f6lltal (K\u00e4rnten) und K\u00f6ln Xanten \u2013 Gr\u00e4ber und Stra\u00dfe Bestattungen des ersten Jahrhunderts im sp\u00e4teren Stadtgebiet Ein r\u00f6misches Brandgrab des ersten nachchristlichen Jahrhunderts. Foto LVR-R\u00f6mermuseum und\u2026","rel":"","context":"\u00c4hnlicher Beitrag","block_context":{"text":"\u00c4hnlicher Beitrag","link":""},"img":{"alt_text":"","src":"https:\/\/i0.wp.com\/www.av-rheinland.de\/wp-content\/uploads\/2023\/07\/Illu-Valsgaerde-7_J.Andersson_klein.jpg?resize=350%2C200","width":350,"height":200},"classes":[]}],"_links":{"self":[{"href":"https:\/\/www.av-rheinland.de\/index.php\/wp-json\/wp\/v2\/pages\/23"}],"collection":[{"href":"https:\/\/www.av-rheinland.de\/index.php\/wp-json\/wp\/v2\/pages"}],"about":[{"href":"https:\/\/www.av-rheinland.de\/index.php\/wp-json\/wp\/v2\/types\/page"}],"author":[{"embeddable":true,"href":"https:\/\/www.av-rheinland.de\/index.php\/wp-json\/wp\/v2\/users\/1"}],"replies":[{"embeddable":true,"href":"https:\/\/www.av-rheinland.de\/index.php\/wp-json\/wp\/v2\/comments?post=23"}],"version-history":[{"count":20,"href":"https:\/\/www.av-rheinland.de\/index.php\/wp-json\/wp\/v2\/pages\/23\/revisions"}],"predecessor-version":[{"id":1382,"href":"https:\/\/www.av-rheinland.de\/index.php\/wp-json\/wp\/v2\/pages\/23\/revisions\/1382"}],"up":[{"embeddable":true,"href":"https:\/\/www.av-rheinland.de\/index.php\/wp-json\/wp\/v2\/pages\/11"}],"wp:attachment":[{"href":"https:\/\/www.av-rheinland.de\/index.php\/wp-json\/wp\/v2\/media?parent=23"}],"curies":[{"name":"wp","href":"https:\/\/api.w.org\/{rel}","templated":true}]}}