{"id":21,"date":"2016-08-06T08:39:07","date_gmt":"2016-08-06T08:39:07","guid":{"rendered":"http:\/\/www.av-rheinland.de\/?page_id=21"},"modified":"2017-09-07T16:24:58","modified_gmt":"2017-09-07T16:24:58","slug":"satzung","status":"publish","type":"page","link":"https:\/\/www.av-rheinland.de\/index.php\/der-verein\/satzung\/","title":{"rendered":"Satzung"},"content":{"rendered":"<p>Die Satzung des Vereins von Altertumsfreunden im Rheinlande kann hier heruntergeladen werden:<\/p>\n<p><strong><a href=\"http:\/\/www.av-rheinland.de\/wp-content\/uploads\/2016\/08\/Satzung-AV.pdf\">Satzung AV als PDF zum Download<\/a><\/strong><\/p>\n","protected":false},"excerpt":{"rendered":"<p>Die Satzung des Vereins von Altertumsfreunden im Rheinlande kann hier heruntergeladen werden: Satzung AV als PDF zum Download<\/p>\n","protected":false},"author":1,"featured_media":0,"parent":11,"menu_order":0,"comment_status":"closed","ping_status":"closed","template":"","meta":{"jetpack_post_was_ever_published":false},"jetpack_sharing_enabled":true,"jetpack_shortlink":"https:\/\/wp.me\/P99Kwc-l","jetpack_likes_enabled":true,"jetpack-related-posts":[{"id":28,"url":"https:\/\/www.av-rheinland.de\/index.php\/mitglied-werden\/","url_meta":{"origin":21,"position":0},"title":"Mitglied werden","author":"altertumsverein","date":"August 6, 2016","format":false,"excerpt":"Was bietet der Verein seinen Mitgliedern? Freien Eintritt ins LVR-LandesMuseum Bonn Preisnachlass bei Sonderausstellungen\/Ausstellungser\u00f6ffnungen ein Exemplar der Bonner Jahrb\u00fccher als Jahresgabe \"Berichte aus Bonn\" zweimal j\u00e4hrlich F\u00fchrungen und Vortr\u00e4ge Exkursionen zu Ausstellungen und arch\u00e4ologischen St\u00e4tten Informationen zum laufendem Programm des Vereins und des LVR-LandesMuseums Bonn. Mitglied werden Wenn Sie Mitglied\u2026","rel":"","context":"\u00c4hnlicher Beitrag","block_context":{"text":"\u00c4hnlicher Beitrag","link":""},"img":{"alt_text":"","src":"","width":0,"height":0},"classes":[]},{"id":11,"url":"https:\/\/www.av-rheinland.de\/index.php\/der-verein\/","url_meta":{"origin":21,"position":1},"title":"Der Verein","author":"altertumsverein","date":"August 6, 2016","format":false,"excerpt":"Die Aufgaben des Vereins Der Verein von Altertumsfreunden im Rheinlande gibt zusammen mit dem LVR-LandesMuseum Bonn und dem LVR-Amt f\u00fcr Bodendenkmalpflege im Rheinland die Bonner Jahrb\u00fccher heraus. unterst\u00fctzt die Arbeit des LVR-LandesMuseums Bonn durch finanzielle Zusch\u00fcsse f\u00fcr Neuerwerbungen, f\u00fcr die gemeinsame Bibliothek von Museum und Verein, f\u00fcr Ver\u00f6ffentlichungen und f\u00fcr\u2026","rel":"","context":"\u00c4hnlicher Beitrag","block_context":{"text":"\u00c4hnlicher Beitrag","link":""},"img":{"alt_text":"","src":"https:\/\/i0.wp.com\/www.av-rheinland.de\/wp-content\/uploads\/2016\/08\/A_139_0-11.jpg?resize=350%2C200","width":350,"height":200},"classes":[]},{"id":44,"url":"https:\/\/www.av-rheinland.de\/index.php\/aktuelles\/","url_meta":{"origin":21,"position":2},"title":"Aktuelles","author":"altertumsverein","date":"August 6, 2016","format":false,"excerpt":"F\u00fchrungen, Vortr\u00e4ge, Exkursionen und Neuigkeiten des Vereins der Altertumsfreunde im Rheinlande e.V. \u00a0","rel":"","context":"\u00c4hnlicher Beitrag","block_context":{"text":"\u00c4hnlicher Beitrag","link":""},"img":{"alt_text":"","src":"","width":0,"height":0},"classes":[]},{"id":59,"url":"https:\/\/www.av-rheinland.de\/index.php\/aktuelles\/fuehrungen\/","url_meta":{"origin":21,"position":3},"title":"F\u00fchrungen 2021","author":"altertumsverein","date":"September 26, 2016","format":false,"excerpt":"\u00a0 Exklusiv f\u00fcr Mitglieder des Vereins werden F\u00fchrungen zu arch\u00e4ologischen St\u00e4tten unter wissenschaftlicher Leitung angeboten, in der Regel umsonst. In der arch\u00e4ologischen Museumslandschaft des K\u00f6ln-Bonner Raumes hat sich viel getan und man bleibt dynamisch. Um den \u00dcberblick zu behalten, besichtigen wir mehrere kleine und gro\u00dfe Ausstellungsorte. Die Mitglieder des Altertumsvereins,\u2026","rel":"","context":"\u00c4hnlicher Beitrag","block_context":{"text":"\u00c4hnlicher Beitrag","link":""},"img":{"alt_text":"","src":"","width":0,"height":0},"classes":[]},{"id":9,"url":"https:\/\/www.av-rheinland.de\/index.php\/kontakt\/","url_meta":{"origin":21,"position":4},"title":"Kontakt","author":"altertumsverein","date":"August 6, 2016","format":false,"excerpt":"Mitgliederbetreuung \u00a0 Irene B\u00f6ttcher Mitgliederbetreuung des Vereins von Altertumsfreunden im Rheinlande e.V. Email: IreneBoettcher@freenet.de Tel.: 01515-9880118 \u00a0","rel":"","context":"\u00c4hnlicher Beitrag","block_context":{"text":"\u00c4hnlicher Beitrag","link":""},"img":{"alt_text":"","src":"","width":0,"height":0},"classes":[]},{"id":2,"url":"https:\/\/www.av-rheinland.de\/","url_meta":{"origin":21,"position":5},"title":"Willkommen","author":"altertumsverein","date":"August 6, 2016","format":false,"excerpt":"Willkommen auf der Homepage des Vereins von Altertumsfreunden im Rheinlande Der Verein von Altertumsfreunden im Rheinlande wurde am 1. Oktober 1841 mit der Zielsetzung gegr\u00fcndet, \"f\u00fcr die Erhaltung, Bekanntmachung und Erkl\u00e4rung geschichtlicher Denkm\u00e4ler aller Art, insbesondere solche aus dem Altertum und dem Mittelalter, in dem Stromgebiete des Rheines Sorge zu\u2026","rel":"","context":"\u00c4hnlicher Beitrag","block_context":{"text":"\u00c4hnlicher Beitrag","link":""},"img":{"alt_text":"","src":"","width":0,"height":0},"classes":[]}],"_links":{"self":[{"href":"https:\/\/www.av-rheinland.de\/index.php\/wp-json\/wp\/v2\/pages\/21"}],"collection":[{"href":"https:\/\/www.av-rheinland.de\/index.php\/wp-json\/wp\/v2\/pages"}],"about":[{"href":"https:\/\/www.av-rheinland.de\/index.php\/wp-json\/wp\/v2\/types\/page"}],"author":[{"embeddable":true,"href":"https:\/\/www.av-rheinland.de\/index.php\/wp-json\/wp\/v2\/users\/1"}],"replies":[{"embeddable":true,"href":"https:\/\/www.av-rheinland.de\/index.php\/wp-json\/wp\/v2\/comments?post=21"}],"version-history":[{"count":3,"href":"https:\/\/www.av-rheinland.de\/index.php\/wp-json\/wp\/v2\/pages\/21\/revisions"}],"predecessor-version":[{"id":149,"href":"https:\/\/www.av-rheinland.de\/index.php\/wp-json\/wp\/v2\/pages\/21\/revisions\/149"}],"up":[{"embeddable":true,"href":"https:\/\/www.av-rheinland.de\/index.php\/wp-json\/wp\/v2\/pages\/11"}],"wp:attachment":[{"href":"https:\/\/www.av-rheinland.de\/index.php\/wp-json\/wp\/v2\/media?parent=21"}],"curies":[{"name":"wp","href":"https:\/\/api.w.org\/{rel}","templated":true}]}}