{"id":159,"date":"2017-09-07T17:00:23","date_gmt":"2017-09-07T17:00:23","guid":{"rendered":"http:\/\/www.av-rheinland.de\/?page_id=159"},"modified":"2025-07-24T11:52:19","modified_gmt":"2025-07-24T11:52:19","slug":"publikationen","status":"publish","type":"page","link":"https:\/\/www.av-rheinland.de\/index.php\/der-verein\/publikationen\/","title":{"rendered":"Publikationen"},"content":{"rendered":"<div id=\"PageWrap\">\n<div class=\"SpalteRechts\">\n<p><span style=\"color: #993300;\">Die Bonner Jahrb\u00fccher und ihre Beihefte werden nicht mehr bei der Wissenschaftlichen Buchgesellschaft verlegt. Verlagsabonnenten, die unsere Zeitschrift bisher j\u00e4hrlich von dort bezogen haben, erhalten sie derzeit nicht automatisch. Der Band 222, 2022 ist im Selbstverlag erschienen. <strong>Ab Band 223, 2023 erscheint die Zeitschrift bei unserem neuen Verlag:<\/strong><\/span><\/p>\n<p><span style=\"color: #993300;\">Dr. Rudolf Habelt GmbH<\/span><br \/>\n<span style=\"color: #993300;\">Am Buchenhang 1<\/span><br \/>\n<span style=\"color: #993300;\">53115 Bonn<\/span><br \/>\n<span style=\"color: #993300;\">verlag@habelt.de<\/span><\/p>\n<p><span style=\"color: #993300;\">Bitte wenden Sie sich dorthin f\u00fcr den Kauf der aktuellen und fr\u00fcherer B\u00e4nde sowie f\u00fcr den Erwerb der Beihefte und ebenso f\u00fcr die Erneuerung des Abonnements. F\u00fcr Fragen zu den Bonner Jahrb\u00fcchern steht Ihnen die Redaktion des LVR-Landesmuseums zur Verf\u00fcgung.<\/span><\/p>\n<p><span style=\"color: #993300;\">Redaktion Bonner Jahrb\u00fccher<\/span><br \/>\n<span style=\"color: #993300;\">LVR-Landesmuseum Bonn<\/span><br \/>\n<span style=\"color: #993300;\">Bachstra\u00dfe 9<\/span><br \/>\n<span style=\"color: #993300;\">53115 Bonn<\/span><br \/>\n<span style=\"color: #993300;\"><a style=\"color: #993300;\" href=\"mailto:Redaktion.BJB@lvr.de\">redaktion<\/a>.BJb@lvr.de<\/span><br \/>\n<span style=\"color: #993300;\">+49 228 2070-383<\/span><\/p>\n<p>&nbsp;<\/p>\n<p style=\"text-align: right;\"><span style=\"color: #993300;\"><em>die Redaktion der Bonner Jahrb\u00fccher<\/em><\/span><\/p>\n<p>&nbsp;<\/p>\n<p><img data-attachment-id=\"1137\" data-permalink=\"https:\/\/www.av-rheinland.de\/index.php\/der-verein\/publikationen\/fahne_gb\/\" data-orig-file=\"https:\/\/i0.wp.com\/www.av-rheinland.de\/wp-content\/uploads\/2024\/02\/Fahne_GB.jpg?fit=84%2C63&amp;ssl=1\" data-orig-size=\"84,63\" data-comments-opened=\"1\" data-image-meta=\"{&quot;aperture&quot;:&quot;0&quot;,&quot;credit&quot;:&quot;&quot;,&quot;camera&quot;:&quot;&quot;,&quot;caption&quot;:&quot;&quot;,&quot;created_timestamp&quot;:&quot;0&quot;,&quot;copyright&quot;:&quot;&quot;,&quot;focal_length&quot;:&quot;0&quot;,&quot;iso&quot;:&quot;0&quot;,&quot;shutter_speed&quot;:&quot;0&quot;,&quot;title&quot;:&quot;&quot;,&quot;orientation&quot;:&quot;0&quot;}\" data-image-title=\"Fahne_GB\" data-image-description=\"\" data-image-caption=\"\" data-medium-file=\"https:\/\/i0.wp.com\/www.av-rheinland.de\/wp-content\/uploads\/2024\/02\/Fahne_GB.jpg?fit=84%2C63&amp;ssl=1\" data-large-file=\"https:\/\/i0.wp.com\/www.av-rheinland.de\/wp-content\/uploads\/2024\/02\/Fahne_GB.jpg?fit=84%2C63&amp;ssl=1\" decoding=\"async\" loading=\"lazy\" class=\"alignnone wp-image-1137\" src=\"https:\/\/i0.wp.com\/www.av-rheinland.de\/wp-content\/uploads\/2024\/02\/Fahne_GB.jpg?resize=31%2C23\" alt=\"\" width=\"31\" height=\"23\" data-recalc-dims=\"1\" \/><\/p>\n<p><span style=\"color: #0000ff;\">The Bonner Jahrb\u00fccher and their Beihefte (Supplements) are no longer published by the Wissenschaftliche Buchgesellschaft. Subscribers who previously received our journal from the publisher each year do not currently receive it automatically. Volume 222, 2022 is self-published. <\/span><span style=\"color: #0000ff;\"><strong>From volume 223, 2023, the journal is issued by our new publisher:<\/strong><\/span><\/p>\n<p><span style=\"color: #0000ff;\">Dr. Rudolf Habelt GmbH<\/span><br \/>\n<span style=\"color: #0000ff;\">Am Buchenhang 1<\/span><br \/>\n<span style=\"color: #0000ff;\">53115 Bonn<\/span><br \/>\n<span style=\"color: #0000ff;\">verlag@habelt.de<\/span><\/p>\n<p><span style=\"color: #0000ff;\">Please contact them to purchase the current and previous volumes as well as the supplements and to renew your subscription. If you have any questions about the Bonner Jahrb\u00fccher, please contact the editorial office of the LVR-Landesmuseum.<\/span><\/p>\n<p><span style=\"color: #0000ff;\">Redaktion Bonner Jahrb\u00fccher<\/span><br \/>\n<span style=\"color: #0000ff;\">LVR-Landesmuseum Bonn<\/span><br \/>\n<span style=\"color: #0000ff;\">Bachstra\u00dfe 9<\/span><br \/>\n<span style=\"color: #0000ff;\">53115 Bonn<\/span><br \/>\n<span style=\"color: #0000ff;\"><a style=\"color: #0000ff;\" href=\"mailto:Redaktion.BJB@lvr.de\">redaktion<\/a>.BJb@lvr.de<\/span><br \/>\n<span style=\"color: #0000ff;\">+49 228 2070-383<\/span><\/p>\n<p style=\"text-align: right;\"><span style=\"color: #0000ff;\"><em>the editorial office of the Bonner Jahrb\u00fccher<\/em><\/span><\/p>\n<p>&nbsp;<\/p>\n<\/div>\n<div class=\"SpalteRechts\">\n<p>&#8212;&#8212;&#8212;&#8212;&#8212;&#8212;&#8212;&#8212;&#8212;&#8212;&#8212;&#8212;&#8212;&#8212;&#8212;&#8212;&#8212;&#8212;&#8212;&#8212;&#8212;&#8212;&#8212;&#8212;&#8212;&#8212;&#8212;&#8212;&#8212;&#8212;&#8212;&#8211;<\/p>\n<p>Der Verein von Altertumsfreunden im Rheinlande gibt zusammen mit dem LVR-Amt f\u00fcr Bodendenkmalpflege im Rheinland die <strong>Bonner Jahrb\u00fccher<\/strong> heraus. Diese sind seit 1841 eine internationale arch\u00e4ologische Fachzeitschrift.<\/p>\n<\/div>\n<h2>Redaktion<\/h2>\n<div id=\"PageWrap\">\n<div class=\"SpalteRechts\">\n<p>Redaktion Bonner Jahrb\u00fccher<br \/>\nLVR-Landesmuseum Bonn<br \/>\nBachstra\u00dfe 9<br \/>\n53115 Bonn<br \/>\nDeutschland<\/p>\n<p><a href=\"mailto:Redaktion.BJB@lvr.de\">redaktion<\/a>.BJb@lvr.de<br \/>\n+49 228 2070-383<\/p>\n<\/div>\n<h2>Digitalisierte B\u00e4nde<\/h2>\n<p>Unter diesem Link finden Sie digitalisierte B\u00e4nde der Bonner Jahrb\u00fccher:\u00a0<a href=\"https:\/\/journals.ub.uni-heidelberg.de\/index.php\/bjb\/index\">https:\/\/journals.ub.uni-heidelberg.de\/index.php\/bjb\/index<\/a><\/p>\n<p>Hier k\u00f6nnen Sie die Datenbank durchsuchen: <a href=\"https:\/\/journals.ub.uni-heidelberg.de\/index.php\/bjb\/search\/results\">https:\/\/journals.ub.uni-heidelberg.de\/index.php\/bjb\/search\/results\u00a0<\/a><\/p>\n<div class=\"SpalteRechts\"><\/div>\n<\/div>\n<h2><a href=\"http:\/\/www.av-rheinland.de\/index.php\/der-verein\/publikationen\/bonner-jahrbuecher\/\">Bonner Jahrb\u00fccher<\/a><\/h2>\n<h2><a href=\"http:\/\/www.av-rheinland.de\/index.php\/der-verein\/publikationen\/hinweise-fuer-aufsaetze-in-den-bonner-jahrbuechern\/\">Hinweise f\u00fcr Aufs\u00e4tze in den Bonner Jahrb\u00fcchern<\/a><\/h2>\n<\/div>\n","protected":false},"excerpt":{"rendered":"<p>Die Bonner Jahrb\u00fccher und ihre Beihefte werden nicht mehr bei der Wissenschaftlichen Buchgesellschaft verlegt. Verlagsabonnenten, die unsere Zeitschrift bisher j\u00e4hrlich von dort bezogen haben, erhalten sie derzeit nicht automatisch. Der Band 222, 2022 ist im Selbstverlag erschienen. Ab Band 223, 2023 erscheint die Zeitschrift bei unserem neuen Verlag: Dr. Rudolf Habelt GmbH Am Buchenhang 1 &hellip; <\/p>\n<p class=\"link-more\"><a href=\"https:\/\/www.av-rheinland.de\/index.php\/der-verein\/publikationen\/\" class=\"more-link\"><span class=\"screen-reader-text\">\u201ePublikationen\u201c<\/span> weiterlesen<\/a><\/p>\n","protected":false},"author":1,"featured_media":0,"parent":11,"menu_order":3,"comment_status":"closed","ping_status":"closed","template":"","meta":{"jetpack_post_was_ever_published":false},"jetpack_sharing_enabled":true,"jetpack_shortlink":"https:\/\/wp.me\/P99Kwc-2z","jetpack_likes_enabled":true,"jetpack-related-posts":[{"id":174,"url":"https:\/\/www.av-rheinland.de\/index.php\/der-verein\/publikationen\/bonner-jahrbuecher\/","url_meta":{"origin":159,"position":0},"title":"Bonner Jahrb\u00fccher","author":"altertumsverein","date":"September 7, 2017","format":false,"excerpt":"Herausgeber der Zeitschrift sind das Rheinische Landesmuseum Bonn und die Rheinische Bodendenkmalpflege, die beide dem Landschaftsverband Rheinland angeh\u00f6ren, sowie als Begr\u00fcnder des Blattes der Verein von Altertumsfreunden im Rheinlande. Die Bonner Jahrb\u00fccher verstehen sich als internationales wissenschaftliches Publikationsmedium f\u00fcr Arch\u00e4ologie und Geschichte. Neben der Klassischen Antike des Mittelmeerraumes gilt besonderes\u2026","rel":"","context":"\u00c4hnlicher Beitrag","block_context":{"text":"\u00c4hnlicher Beitrag","link":""},"img":{"alt_text":"","src":"","width":0,"height":0},"classes":[]},{"id":169,"url":"https:\/\/www.av-rheinland.de\/index.php\/der-verein\/publikationen\/hinweise-fuer-aufsaetze-in-den-bonner-jahrbuechern\/","url_meta":{"origin":159,"position":1},"title":"Hinweise f\u00fcr Aufs\u00e4tze in den Bonner Jahrb\u00fcchern","author":"altertumsverein","date":"September 7, 2017","format":false,"excerpt":"Themen In den Bonner Jahrb\u00fcchern ver\u00f6ffentlichen wir wissenschaftliche Beitr\u00e4ge zu allen Fachgebieten der Arch\u00e4ologie Europas und der Alten Geschichte einschlie\u00dflich der Epigraphik. Geographisch sind auch die au\u00dfereurop\u00e4ischen Provinzen des R\u00f6mischen Reiches einbegriffen, zeitlich auch die fr\u00fchmittelalterliche Epoche. Aufs\u00e4tze zur rheinischen Kunstgeschichte und zum Nachleben der Antike sind willkommen. Manuskriptabgabe Wir\u2026","rel":"","context":"\u00c4hnlicher Beitrag","block_context":{"text":"\u00c4hnlicher Beitrag","link":""},"img":{"alt_text":"","src":"","width":0,"height":0},"classes":[]},{"id":11,"url":"https:\/\/www.av-rheinland.de\/index.php\/der-verein\/","url_meta":{"origin":159,"position":2},"title":"Der Verein","author":"altertumsverein","date":"August 6, 2016","format":false,"excerpt":"Die Aufgaben des Vereins Der Verein von Altertumsfreunden im Rheinlande gibt zusammen mit dem LVR-LandesMuseum Bonn und dem LVR-Amt f\u00fcr Bodendenkmalpflege im Rheinland die Bonner Jahrb\u00fccher heraus. unterst\u00fctzt die Arbeit des LVR-LandesMuseums Bonn durch finanzielle Zusch\u00fcsse f\u00fcr Neuerwerbungen, f\u00fcr die gemeinsame Bibliothek von Museum und Verein, f\u00fcr Ver\u00f6ffentlichungen und f\u00fcr\u2026","rel":"","context":"\u00c4hnlicher Beitrag","block_context":{"text":"\u00c4hnlicher Beitrag","link":""},"img":{"alt_text":"","src":"https:\/\/i0.wp.com\/www.av-rheinland.de\/wp-content\/uploads\/2016\/08\/A_139_0-11.jpg?resize=350%2C200","width":350,"height":200},"classes":[]},{"id":28,"url":"https:\/\/www.av-rheinland.de\/index.php\/mitglied-werden\/","url_meta":{"origin":159,"position":3},"title":"Mitglied werden","author":"altertumsverein","date":"August 6, 2016","format":false,"excerpt":"Was bietet der Verein seinen Mitgliedern? Freien Eintritt ins LVR-LandesMuseum Bonn Preisnachlass bei Sonderausstellungen\/Ausstellungser\u00f6ffnungen ein Exemplar der Bonner Jahrb\u00fccher als Jahresgabe \"Berichte aus Bonn\" zweimal j\u00e4hrlich F\u00fchrungen und Vortr\u00e4ge Exkursionen zu Ausstellungen und arch\u00e4ologischen St\u00e4tten Informationen zum laufendem Programm des Vereins und des LVR-LandesMuseums Bonn. Mitglied werden Wenn Sie Mitglied\u2026","rel":"","context":"\u00c4hnlicher Beitrag","block_context":{"text":"\u00c4hnlicher Beitrag","link":""},"img":{"alt_text":"","src":"","width":0,"height":0},"classes":[]},{"id":23,"url":"https:\/\/www.av-rheinland.de\/index.php\/der-verein\/der-vorstand\/","url_meta":{"origin":159,"position":4},"title":"Der Vorstand","author":"altertumsverein","date":"August 6, 2016","format":false,"excerpt":"Vorsitzender: Prof. Dr. Frank Rumscheid Abteilung Klassische Arch\u00e4ologie am Institut f\u00fcr Arch\u00e4ologie und Kulturanthropologie der Universit\u00e4t Bonn Am Hofgarten 21 53113 Bonn \u00a0 Stellvertretender Vorsitzender: Prof. Dr. Konrad V\u00f6ssing Abteilung Alte Geschichte des Instituts f\u00fcr Geschichtswissenschaft der Universit\u00e4t Bonn Heinrich-von-Kleist-Str. 22-28 53113 Bonn \u00a0 Schriftf\u00fchrer: Christian Kaldenhoff Kaldenhoff Negm Rechtsanw\u00e4lte\u2026","rel":"","context":"\u00c4hnlicher Beitrag","block_context":{"text":"\u00c4hnlicher Beitrag","link":""},"img":{"alt_text":"","src":"","width":0,"height":0},"classes":[]},{"id":224,"url":"https:\/\/www.av-rheinland.de\/index.php\/der-verein\/publikationen\/bonner-jahrbuecher\/bonner-jahrbuecher-212-2012\/","url_meta":{"origin":159,"position":5},"title":"Bonner Jahrb\u00fccher 212, 2012","author":"altertumsverein","date":"Oktober 22, 2017","format":false,"excerpt":"Bonner Jahrb\u00fccher 212, 2012 Hans-Eckart Joachim Der Arch\u00e4ologe, Althistoriker und Museumsmann Harald von Petrikovits Eine biografische Skizze Zusammenfassung 3 Michael Baales, Ingrid Koch und Kathrin Nowak Zur mittelneolithischen Landschaftsnutzung im Siegerland Zusammenfassung \u00a019 Klaus Grewe Die Ziegelmarken am Aqu\u00e4dukt von Minturnae Zusammenfassung 35 Manuel Fiedler und Constanze H\u00f6pken Wandmalereifunde aus\u2026","rel":"","context":"\u00c4hnlicher Beitrag","block_context":{"text":"\u00c4hnlicher Beitrag","link":""},"img":{"alt_text":"","src":"","width":0,"height":0},"classes":[]}],"_links":{"self":[{"href":"https:\/\/www.av-rheinland.de\/index.php\/wp-json\/wp\/v2\/pages\/159"}],"collection":[{"href":"https:\/\/www.av-rheinland.de\/index.php\/wp-json\/wp\/v2\/pages"}],"about":[{"href":"https:\/\/www.av-rheinland.de\/index.php\/wp-json\/wp\/v2\/types\/page"}],"author":[{"embeddable":true,"href":"https:\/\/www.av-rheinland.de\/index.php\/wp-json\/wp\/v2\/users\/1"}],"replies":[{"embeddable":true,"href":"https:\/\/www.av-rheinland.de\/index.php\/wp-json\/wp\/v2\/comments?post=159"}],"version-history":[{"count":28,"href":"https:\/\/www.av-rheinland.de\/index.php\/wp-json\/wp\/v2\/pages\/159\/revisions"}],"predecessor-version":[{"id":1315,"href":"https:\/\/www.av-rheinland.de\/index.php\/wp-json\/wp\/v2\/pages\/159\/revisions\/1315"}],"up":[{"embeddable":true,"href":"https:\/\/www.av-rheinland.de\/index.php\/wp-json\/wp\/v2\/pages\/11"}],"wp:attachment":[{"href":"https:\/\/www.av-rheinland.de\/index.php\/wp-json\/wp\/v2\/media?parent=159"}],"curies":[{"name":"wp","href":"https:\/\/api.w.org\/{rel}","templated":true}]}}