{"id":1349,"date":"2026-01-19T11:00:04","date_gmt":"2026-01-19T11:00:04","guid":{"rendered":"https:\/\/www.av-rheinland.de\/?page_id=1349"},"modified":"2026-04-17T06:55:42","modified_gmt":"2026-04-17T06:55:42","slug":"vortraege-2026","status":"publish","type":"page","link":"https:\/\/www.av-rheinland.de\/index.php\/aktuelles\/vortraege-2026\/","title":{"rendered":"Vortr\u00e4ge 2026"},"content":{"rendered":"<h1>Vorschau<\/h1>\n<p>&nbsp;<\/p>\n<p><strong>Donnerstag, den 22. Januar 2026, 18:15 Uhr<\/strong><\/p>\n<p>H\u00f6rsaal der Klassischen Arch\u00e4ologie, AVZ III, R\u00f6merstra\u00dfe 164, Bonn<\/p>\n<p><strong><em>Dr. Viktoria R\u00e4uchle (Universit\u00e4t M\u00fcnchen)<\/em><\/strong><\/p>\n<h1>Chain My Heart!<\/h1>\n<p>Der gefesselte Eros in der griechisch-r\u00f6mischen Bilderwelt und Literatur<\/p>\n<p>Das Motiv des gefesselten und damit f\u00fcr das Qu\u00e4len der ungl\u00fccklich Verliebten bestraften Liebesgottes kennt die hellenistische und kaiserzeitliche Bilderwelt und Literatur in verschiedensten Gattungen und Zusammenh\u00e4ngen. In dieser Figur verdichten sich Bedeutungen auf unterschiedlichen Ebenen zu einem Panoptikum des Begehrens, das sich aus universalen Aspekten affektiver Erfahrung speist und dabei zugleich in hohem Ma\u00dfe von kulturspezifischen Liebeskonzepten sowie literarischen und visuellen Traditionen gepr\u00e4gt ist. Dieses Motiv bietet M\u00f6glichkeiten einer Er\u00f6rterung \u00fcber das Wesen der Liebe zwischen g\u00f6ttlicher Macht und Affekt, \u00fcber die Fesseln der Leidenschaften und die Ketten der Vernunft, \u00fcber universale und zeitgebundene Aspekte des Begehrens und \u00fcber die Verstrickungen konkreter und metaphorischer Bedeutungen in der antiken Bildsprache.<\/p>\n<figure id=\"attachment_1285\" aria-describedby=\"caption-attachment-1285\" style=\"width: 141px\" class=\"wp-caption alignnone\"><img data-attachment-id=\"1285\" data-permalink=\"https:\/\/www.av-rheinland.de\/index.php\/2025\/06\/26\/vortrag-10-07-2025-1815-uhr-dr-viktoria-raeuchle-chain-my-heart-der-gefesselte-eros-in-der-griechisch-roemischen-bilderwelt-und-literatur\/raeuchle_wallmoden-rueckenakt\/\" data-orig-file=\"https:\/\/i0.wp.com\/www.av-rheinland.de\/wp-content\/uploads\/2025\/03\/Raeuchle_Wallmoden-Rueckenakt.png?fit=1009%2C2147&amp;ssl=1\" data-orig-size=\"1009,2147\" data-comments-opened=\"1\" data-image-meta=\"{&quot;aperture&quot;:&quot;0&quot;,&quot;credit&quot;:&quot;&quot;,&quot;camera&quot;:&quot;&quot;,&quot;caption&quot;:&quot;&quot;,&quot;created_timestamp&quot;:&quot;0&quot;,&quot;copyright&quot;:&quot;&quot;,&quot;focal_length&quot;:&quot;0&quot;,&quot;iso&quot;:&quot;0&quot;,&quot;shutter_speed&quot;:&quot;0&quot;,&quot;title&quot;:&quot;&quot;,&quot;orientation&quot;:&quot;0&quot;}\" data-image-title=\"R\u00e4uchle_Wallmoden R\u00fcckenakt\" data-image-description=\"\" data-image-caption=\"&lt;p&gt;Der gefesselte Eros. Marmorstatue. Hannover, Sammlung Wallmoden&lt;\/p&gt;\n&lt;p&gt;Mit Genehmigung S.k.H. des Prinzen von Hannover, Herzogs zu Braunschweig und Lu\u0308neburg. Photo Stephan Eckardt, G\u00f6ttingen&lt;\/p&gt;\n\" data-medium-file=\"https:\/\/i0.wp.com\/www.av-rheinland.de\/wp-content\/uploads\/2025\/03\/Raeuchle_Wallmoden-Rueckenakt.png?fit=141%2C300&amp;ssl=1\" data-large-file=\"https:\/\/i0.wp.com\/www.av-rheinland.de\/wp-content\/uploads\/2025\/03\/Raeuchle_Wallmoden-Rueckenakt.png?fit=481%2C1024&amp;ssl=1\" decoding=\"async\" loading=\"lazy\" class=\"size-medium wp-image-1285\" src=\"https:\/\/i0.wp.com\/www.av-rheinland.de\/wp-content\/uploads\/2025\/03\/Raeuchle_Wallmoden-Rueckenakt.png?resize=141%2C300\" alt=\"\" width=\"141\" height=\"300\" srcset=\"https:\/\/i0.wp.com\/www.av-rheinland.de\/wp-content\/uploads\/2025\/03\/Raeuchle_Wallmoden-Rueckenakt.png?resize=141%2C300&amp;ssl=1 141w, https:\/\/i0.wp.com\/www.av-rheinland.de\/wp-content\/uploads\/2025\/03\/Raeuchle_Wallmoden-Rueckenakt.png?resize=481%2C1024&amp;ssl=1 481w, https:\/\/i0.wp.com\/www.av-rheinland.de\/wp-content\/uploads\/2025\/03\/Raeuchle_Wallmoden-Rueckenakt.png?resize=768%2C1634&amp;ssl=1 768w, https:\/\/i0.wp.com\/www.av-rheinland.de\/wp-content\/uploads\/2025\/03\/Raeuchle_Wallmoden-Rueckenakt.png?resize=722%2C1536&amp;ssl=1 722w, https:\/\/i0.wp.com\/www.av-rheinland.de\/wp-content\/uploads\/2025\/03\/Raeuchle_Wallmoden-Rueckenakt.png?resize=962%2C2048&amp;ssl=1 962w, https:\/\/i0.wp.com\/www.av-rheinland.de\/wp-content\/uploads\/2025\/03\/Raeuchle_Wallmoden-Rueckenakt.png?w=1009&amp;ssl=1 1009w\" sizes=\"(max-width: 141px) 100vw, 141px\" data-recalc-dims=\"1\" \/><figcaption id=\"caption-attachment-1285\" class=\"wp-caption-text\">Der gefesselte Eros. Marmorstatue. Hannover, Sammlung Wallmoden<br \/>Mit Genehmigung S.k.H. des Prinzen von Hannover, Herzogs zu Braunschweig und Lu\u0308neburg. Photo Stephan Eckardt, G\u00f6ttingen<\/figcaption><\/figure>\n<p>&nbsp;<\/p>\n<p>&nbsp;<\/p>\n<p>&nbsp;<\/p>\n<p><strong>Donnerstag, den 26. Februar 2026, 18:15 Uhr<\/strong><\/p>\n<p>Vortragssaal des LVR-LandesMuseums Bonn<\/p>\n<p>Julia R\u00fccker, Lisa Meffire und Frank Willer<\/p>\n<h1>Neue Erkenntnisse zur Bronzezeit \u2013 Der Lanzenspitzenhort von Voerde Spellen, Kr. Wesel<\/h1>\n<p>Im Jahr 2019 wurde dem LVR-Amt f\u00fcr Bodendenkmalpflege im Rheinland ein au\u00dfergew\u00f6hnlicher sp\u00e4tbronzezeitlicher Hortfund (900 bis 800 v. Chr.) gemeldet. Der Lanzenspitzenhort von Voerde Spellen umfasst ca. 50 rekonstruierbare Lanzenspitzen und hebt sich durch seine hohe Anzahl und ein Gesamtgewicht von etwa 5 kg von anderen Deponierungen am Niederrhein ab. Er ist auch \u00fcberregional als herausragend bronzereicher Hort zu bezeichnen und stellt in der Sp\u00e4tbronzezezit ein betr\u00e4chtliches Verm\u00f6gen dar.<\/p>\n<p>Bei der restauratorischen Konservierung im LVR-LandesMuseum Bonn zeigte sich, dass die Lanzenspitzen ungew\u00f6hnlich qualit\u00e4tvoll gearbeitet sind. Metallanalysen und Untersuchungen von Tonkernen wurden durchgef\u00fchrt, um technische Fragen und die Herkunft des Metalls zu kl\u00e4ren. Die ungew\u00f6hnliche Kombination aus Bronze und Eisen an einer Lanzent\u00fclle gibt neue Einblicke in die metallurgischen Entwicklungen sowie den \u00dcbergang von der Bronze- zur Eisenzeit am Unteren Niederrhein. Der Fundort, nahe des Rheins und der Lippem\u00fcndung, spielte eine zentrale Rolle im Handelsnetz und zeigt eine auff\u00e4llige Konzentration von sp\u00e4tbronzezeitlichen Metallfunden entlang der Fl\u00fcsse, die mit aller Vorsicht als Hortungslandschaft bezeichnet werden kann.<\/p>\n<p><img decoding=\"async\" src=\"https:\/\/i0.wp.com\/www.av-rheinland.de\/wp-content\/uploads\/2026\/01\/NI_2019_120_Sammelaufnahme3.jpg?w=525\" data-recalc-dims=\"1\" \/><\/p>\n<p>Lanzenspitzenhort von Voerde-Spellen, Kr. Wesel (Foto: J\u00fcrgen Vogel\/LVR-LandesMuseum Bonn)<\/p>\n<p>&nbsp;<\/p>\n<p>&nbsp;<\/p>\n<p>&nbsp;<\/p>\n<p><strong>Donnerstag, den 16. April 2026, 18:15 Uhr<\/strong><\/p>\n<p>H\u00f6rsaal der Klassischen Arch\u00e4ologie, AVZ III, R\u00f6merstra\u00dfe 164, Bonn<\/p>\n<p><em><strong>Dr. des. Anna Klara Falke, LVR-Landesmuseum Bonn<\/strong><\/em><\/p>\n<h1>R\u00f6mische Br\u00fccken im Vorderen Orient<\/h1>\n<p>F\u00fcr die Infrastruktur in r\u00f6mischer Zeit bildeten Br\u00fccken eine wichtige Grundlage, um nat\u00fcrliche Hindernisse zu \u00fcberwinden. Steinerne Br\u00fccken mit Rundb\u00f6gen sind auch heutzutage noch vielerorts sichtbar. Diese Bautechnik verbreitete sich in den r\u00f6mischen Provinzen, so auch im Vorderen Orient. Dort sind es vor allem Wadis, die nicht ganzj\u00e4hrig Wasser f\u00fchren, die \u00fcberspannt werden mussten. Dementsprechend wurde der Br\u00fcckenbau in der Region angepasst und weist einige Besonderheiten auf. Besonders gut nachvollziehen l\u00e4sst sich dies an der<s> <\/s>Nordost-Br\u00fccke in Bet She\u2019an im heutigen Israel, die innerst\u00e4dtisch errichtet wurde und schr\u00e4ggestellte Pfeiler besitzt. Im Vortrag wird diese Br\u00fccke im Kontext des r\u00f6mischen Br\u00fcckenbaus in der Region vorgestellt.<\/p>\n<p><img decoding=\"async\" src=\"https:\/\/i0.wp.com\/www.av-rheinland.de\/wp-content\/uploads\/2026\/01\/Nordost_Bruecke_BetShean.jpeg?w=525\" data-recalc-dims=\"1\" \/><br \/>\nNordost-Br\u00fccke in Bet She\u2019an (Israel)<br \/>\nCopyright: Anna Klara Falke<\/p>\n<p>&nbsp;<\/p>\n<p>&nbsp;<\/p>\n<p>&nbsp;<\/p>\n<p><strong>Donnerstag, den 30. April 2026, 18:15 Uhr<\/strong><\/p>\n<p>H\u00f6rsaal der Klassischen Arch\u00e4ologie, AVZ III, R\u00f6merstra\u00dfe 164, Bonn<\/p>\n<p><em><strong>Prof. Dr. Ortwin Dally (DAI Rom)<\/strong><\/em><\/p>\n<h1>Forschungen zur Topographie des Kapitols. Neue Einblicke in die Stadtgeschichte Roms in Antike, Mittelalter und Neuzeit<\/h1>\n<p>Der Vortrag stellt die vorl\u00e4ufigen Ergebnisse des Forschungsprojekts der<br \/>\nSovrintendenza Capitolina ai Beni Culturali und des Deutschen<br \/>\nArch\u00e4ologischen Instituts vor zur arch\u00e4ologischen und bauhistorischen<br \/>\nGeschichte des s\u00fcdlichen H\u00e4lfte des Kapitols. Die Ausgrabungen im Garten<br \/>\ndes Instituto di Corrispondenza Archeologica und des ehemaligen<br \/>\nprotestantischen Hospitals er\u00f6ffnen uns eine neue Perspektive auf die<br \/>\nwichtigsten Phasen der kulturhistorischen Entwicklung Roms: das Heiligtum<br \/>\ndes Jupiter Optimus Maximus, das Mittelalter, das 16. und 17. Jahrhundert<br \/>\nund schlie\u00dflich das 19. Jahrhundert, als der westliche Gipfel des H\u00fcgels<br \/>\nin den Besitz Preu\u00dfens \u00fcberging \u2013 eine Voraussetzung f\u00fcr die Gr\u00fcndung des<br \/>\nInstituto di Corrispondenza Archeologica als Vorg\u00e4nger des Deutschen<br \/>\nArch\u00e4ologischen Instituts.<\/p>\n<figure id=\"attachment_1385\" aria-describedby=\"caption-attachment-1385\" style=\"width: 542px\" class=\"wp-caption alignnone\"><img data-attachment-id=\"1385\" data-permalink=\"https:\/\/www.av-rheinland.de\/index.php\/2026\/04\/17\/vortrag-30-04-2026-1815-uhr-prof-dr-ortwin-dally-forschungen-zur-topographie-des-kapitols\/bildschirmfoto-2026-04-17-um-08-37-43\/\" data-orig-file=\"https:\/\/i0.wp.com\/www.av-rheinland.de\/wp-content\/uploads\/2026\/04\/Bildschirmfoto-2026-04-17-um-08.37.43.png?fit=1572%2C1842&amp;ssl=1\" data-orig-size=\"1572,1842\" data-comments-opened=\"1\" data-image-meta=\"{&quot;aperture&quot;:&quot;0&quot;,&quot;credit&quot;:&quot;&quot;,&quot;camera&quot;:&quot;&quot;,&quot;caption&quot;:&quot;&quot;,&quot;created_timestamp&quot;:&quot;0&quot;,&quot;copyright&quot;:&quot;&quot;,&quot;focal_length&quot;:&quot;0&quot;,&quot;iso&quot;:&quot;0&quot;,&quot;shutter_speed&quot;:&quot;0&quot;,&quot;title&quot;:&quot;&quot;,&quot;orientation&quot;:&quot;0&quot;}\" data-image-title=\"Bildschirmfoto 2026-04-17 um 08.37.43\" data-image-description=\"\" data-image-caption=\"&lt;p&gt;Kapitol Orthomosaik mit Massstab&lt;\/p&gt;\n\" data-medium-file=\"https:\/\/i0.wp.com\/www.av-rheinland.de\/wp-content\/uploads\/2026\/04\/Bildschirmfoto-2026-04-17-um-08.37.43.png?fit=256%2C300&amp;ssl=1\" data-large-file=\"https:\/\/i0.wp.com\/www.av-rheinland.de\/wp-content\/uploads\/2026\/04\/Bildschirmfoto-2026-04-17-um-08.37.43.png?fit=525%2C615&amp;ssl=1\" decoding=\"async\" loading=\"lazy\" class=\" wp-image-1385\" src=\"https:\/\/i0.wp.com\/www.av-rheinland.de\/wp-content\/uploads\/2026\/04\/Bildschirmfoto-2026-04-17-um-08.37.43.png?resize=525%2C615\" alt=\"\" width=\"525\" height=\"615\" srcset=\"https:\/\/i0.wp.com\/www.av-rheinland.de\/wp-content\/uploads\/2026\/04\/Bildschirmfoto-2026-04-17-um-08.37.43.png?resize=256%2C300&amp;ssl=1 256w, https:\/\/i0.wp.com\/www.av-rheinland.de\/wp-content\/uploads\/2026\/04\/Bildschirmfoto-2026-04-17-um-08.37.43.png?resize=874%2C1024&amp;ssl=1 874w, https:\/\/i0.wp.com\/www.av-rheinland.de\/wp-content\/uploads\/2026\/04\/Bildschirmfoto-2026-04-17-um-08.37.43.png?resize=768%2C900&amp;ssl=1 768w, https:\/\/i0.wp.com\/www.av-rheinland.de\/wp-content\/uploads\/2026\/04\/Bildschirmfoto-2026-04-17-um-08.37.43.png?resize=1311%2C1536&amp;ssl=1 1311w, https:\/\/i0.wp.com\/www.av-rheinland.de\/wp-content\/uploads\/2026\/04\/Bildschirmfoto-2026-04-17-um-08.37.43.png?w=1572&amp;ssl=1 1572w, https:\/\/i0.wp.com\/www.av-rheinland.de\/wp-content\/uploads\/2026\/04\/Bildschirmfoto-2026-04-17-um-08.37.43.png?w=1050 1050w\" sizes=\"(max-width: 525px) 100vw, 525px\" data-recalc-dims=\"1\" \/><figcaption id=\"caption-attachment-1385\" class=\"wp-caption-text\">Kapitol Orthomosaik mit Massstab<\/figcaption><\/figure>\n<p>Bildnachweis: DAI Rom\/Sovrintendenza Capitolina ai Beni Culturali, D. Nepi\/D. Gauss<\/p>\n","protected":false},"excerpt":{"rendered":"<p>Vorschau &nbsp; Donnerstag, den 22. Januar 2026, 18:15 Uhr H\u00f6rsaal der Klassischen Arch\u00e4ologie, AVZ III, R\u00f6merstra\u00dfe 164, Bonn Dr. Viktoria R\u00e4uchle (Universit\u00e4t M\u00fcnchen) Chain My Heart! Der gefesselte Eros in der griechisch-r\u00f6mischen Bilderwelt und Literatur Das Motiv des gefesselten und damit f\u00fcr das Qu\u00e4len der ungl\u00fccklich Verliebten bestraften Liebesgottes kennt die hellenistische und kaiserzeitliche Bilderwelt &hellip; <\/p>\n<p class=\"link-more\"><a href=\"https:\/\/www.av-rheinland.de\/index.php\/aktuelles\/vortraege-2026\/\" class=\"more-link\"><span class=\"screen-reader-text\">\u201eVortr\u00e4ge 2026\u201c<\/span> weiterlesen<\/a><\/p>\n","protected":false},"author":1,"featured_media":0,"parent":44,"menu_order":0,"comment_status":"closed","ping_status":"closed","template":"","meta":{"jetpack_post_was_ever_published":false},"jetpack_sharing_enabled":true,"jetpack_shortlink":"https:\/\/wp.me\/P99Kwc-lL","jetpack_likes_enabled":true,"jetpack-related-posts":[{"id":1218,"url":"https:\/\/www.av-rheinland.de\/index.php\/vortraege-2025\/","url_meta":{"origin":1349,"position":0},"title":"Vortr\u00e4ge 2025","author":"altertumsverein","date":"Januar 8, 2025","format":false,"excerpt":"Vorschau \u00a0 Donnerstag, den 16. Januar 2025, 18:15 Uhr H\u00f6rsaal der Klassischen Arch\u00e4ologie, AVZ III, R\u00f6merstra\u00dfe 164, Bonn Prof. Dr. Hartmut Matth\u00e4us (Universit\u00e4t Erlangen) Prinias: ein urbanes Zentrum des fr\u00fchen ersten Jahrtausends v. Chr. auf der Insel Kreta Stadtanlage, Nekropole, transmaritime Beziehungen w\u00e4hrend der ,Dark Ages\u02bb Prinias liegt an strategisch\u2026","rel":"","context":"\u00c4hnlicher Beitrag","block_context":{"text":"\u00c4hnlicher Beitrag","link":""},"img":{"alt_text":"","src":"https:\/\/i0.wp.com\/www.av-rheinland.de\/wp-content\/uploads\/2024\/12\/IMG_4685-300x200.jpg?resize=350%2C200","width":350,"height":200},"classes":[]},{"id":1354,"url":"https:\/\/www.av-rheinland.de\/index.php\/aktuelles\/fuehrungen-2026\/","url_meta":{"origin":1349,"position":1},"title":"F\u00fchrungen 2026","author":"altertumsverein","date":"Januar 19, 2026","format":false,"excerpt":"F\u00fchrung zum r\u00f6mischen Bonn Schon in vorr\u00f6mischer Zeit war der Ort des sp\u00e4teren Bonn durch die Eburonen besiedelt. Zu Beginn der r\u00f6mischen Kaiserzeit wechselten die Ubier von der rechtsrheinischen Seite hierher. Im Zuge der r\u00f6mischen Feldz\u00fcge nach Germanien wurden dann die ersten r\u00f6mischen Truppen in Bonn stationiert, und seit 43\u2026","rel":"","context":"\u00c4hnlicher Beitrag","block_context":{"text":"\u00c4hnlicher Beitrag","link":""},"img":{"alt_text":"","src":"","width":0,"height":0},"classes":[]},{"id":169,"url":"https:\/\/www.av-rheinland.de\/index.php\/der-verein\/publikationen\/hinweise-fuer-aufsaetze-in-den-bonner-jahrbuechern\/","url_meta":{"origin":1349,"position":2},"title":"Hinweise f\u00fcr Aufs\u00e4tze in den Bonner Jahrb\u00fcchern","author":"altertumsverein","date":"September 7, 2017","format":false,"excerpt":"Themen In den Bonner Jahrb\u00fcchern ver\u00f6ffentlichen wir wissenschaftliche Beitr\u00e4ge zu allen Fachgebieten der Arch\u00e4ologie Europas und der Alten Geschichte einschlie\u00dflich der Epigraphik. Geographisch sind auch die au\u00dfereurop\u00e4ischen Provinzen des R\u00f6mischen Reiches einbegriffen, zeitlich auch die fr\u00fchmittelalterliche Epoche. Aufs\u00e4tze zur rheinischen Kunstgeschichte und zum Nachleben der Antike sind willkommen. Manuskriptabgabe Wir\u2026","rel":"","context":"\u00c4hnlicher Beitrag","block_context":{"text":"\u00c4hnlicher Beitrag","link":""},"img":{"alt_text":"","src":"","width":0,"height":0},"classes":[]},{"id":237,"url":"https:\/\/www.av-rheinland.de\/index.php\/archiv\/vortraege-2018\/","url_meta":{"origin":1349,"position":3},"title":"Vortr\u00e4ge 2018","author":"altertumsverein","date":"Oktober 27, 2017","format":false,"excerpt":"Hier finden Sie das Vortragsprogramm 2018 Donnerstag 6. Dezember 2018, 18:15 Uhr Winckelmannsvortrag Dr. Jutta Stroszeck (Athen) Die Entdeckung eines Orakelheiligtums im Kerameikos von Athen H\u00f6rsaal des Akademischen Kunstmuseums Bonn, Am Hofgarten 21, 53113 Bonn \u00a0 Der Kerameikos von Athen, einer der antiken Friedh\u00f6fe der Stadt, wird seit mehr als\u2026","rel":"","context":"\u00c4hnlicher Beitrag","block_context":{"text":"\u00c4hnlicher Beitrag","link":""},"img":{"alt_text":"","src":"","width":0,"height":0},"classes":[]},{"id":97,"url":"https:\/\/www.av-rheinland.de\/index.php\/archiv\/vortrage\/","url_meta":{"origin":1349,"position":4},"title":"Vortr\u00e4ge 2014-2016","author":"altertumsverein","date":"Juni 11, 2017","format":false,"excerpt":"Hier finden Sie die Vortr\u00e4ge der Jahre 2014-2016: \u00a0 2016 Donnerstag, 8. Dezember 2016, 18 Uhr c.t. (Winckelmann-Vortrag) Prof. Dr. Andreas Schmidt-Colinet (Wien) H\u00f6rsaal des Akademischen Kunstmuseums Bonn, Am Hofgarten 21 Palmyra geht uns alle an. Die Zerst\u00f6rung unseres kulturellen Ged\u00e4chtnisses. Syrien besitzt eines der weltweit bedeutendsten Kulturarchive, das von\u2026","rel":"","context":"\u00c4hnlicher Beitrag","block_context":{"text":"\u00c4hnlicher Beitrag","link":""},"img":{"alt_text":"","src":"","width":0,"height":0},"classes":[]},{"id":208,"url":"https:\/\/www.av-rheinland.de\/index.php\/der-verein\/publikationen\/bonner-jahrbuecher\/bonner-jahrbuecher-213-2013\/","url_meta":{"origin":1349,"position":5},"title":"Bonner Jahrb\u00fccher 213, 2013","author":"altertumsverein","date":"Oktober 22, 2017","format":false,"excerpt":"Bonner Jahrb\u00fccher 213, 2013 Harald Mielsch Nachruf Nikolaus Himmelmann 3 Hans-Eckart Joachim und Frank Willer Alte Waffe mit neuem Griff Das vermeintlich mittelbronzezeitliche Schwert von Oedt Zusammenfassung \u00a09 Andr\u00e1s Patay-Horv\u00e1th Das Metroon von Olympia als Stiftung von Elis Zusammenfassung 17 David Biedermann Zur B\u00e4rtigkeit r\u00f6mischer Portr\u00e4ts sp\u00e4trepublikanischer Zeit Zusammenfassung \u00a027\u2026","rel":"","context":"\u00c4hnlicher Beitrag","block_context":{"text":"\u00c4hnlicher Beitrag","link":""},"img":{"alt_text":"","src":"","width":0,"height":0},"classes":[]}],"_links":{"self":[{"href":"https:\/\/www.av-rheinland.de\/index.php\/wp-json\/wp\/v2\/pages\/1349"}],"collection":[{"href":"https:\/\/www.av-rheinland.de\/index.php\/wp-json\/wp\/v2\/pages"}],"about":[{"href":"https:\/\/www.av-rheinland.de\/index.php\/wp-json\/wp\/v2\/types\/page"}],"author":[{"embeddable":true,"href":"https:\/\/www.av-rheinland.de\/index.php\/wp-json\/wp\/v2\/users\/1"}],"replies":[{"embeddable":true,"href":"https:\/\/www.av-rheinland.de\/index.php\/wp-json\/wp\/v2\/comments?post=1349"}],"version-history":[{"count":8,"href":"https:\/\/www.av-rheinland.de\/index.php\/wp-json\/wp\/v2\/pages\/1349\/revisions"}],"predecessor-version":[{"id":1390,"href":"https:\/\/www.av-rheinland.de\/index.php\/wp-json\/wp\/v2\/pages\/1349\/revisions\/1390"}],"up":[{"embeddable":true,"href":"https:\/\/www.av-rheinland.de\/index.php\/wp-json\/wp\/v2\/pages\/44"}],"wp:attachment":[{"href":"https:\/\/www.av-rheinland.de\/index.php\/wp-json\/wp\/v2\/media?parent=1349"}],"curies":[{"name":"wp","href":"https:\/\/api.w.org\/{rel}","templated":true}]}}