{"id":28,"date":"2016-08-06T08:42:02","date_gmt":"2016-08-06T08:42:02","guid":{"rendered":"http:\/\/www.av-rheinland.de\/?page_id=28"},"modified":"2022-10-31T09:03:42","modified_gmt":"2022-10-31T09:03:42","slug":"mitglied-werden","status":"publish","type":"page","link":"http:\/\/www.av-rheinland.de\/index.php\/mitglied-werden\/","title":{"rendered":"Mitglied werden"},"content":{"rendered":"<h4>Was bietet der Verein seinen Mitgliedern?<\/h4>\n<ul>\n<li>Freien Eintritt ins LVR-LandesMuseum Bonn<\/li>\n<li>Preisnachlass bei Sonderausstellungen\/Ausstellungser\u00f6ffnungen<\/li>\n<li>ein Exemplar der Bonner Jahrb\u00fccher als Jahresgabe<\/li>\n<li>&#8222;Berichte aus Bonn&#8220; zweimal j\u00e4hrlich<\/li>\n<li>F\u00fchrungen und Vortr\u00e4ge<\/li>\n<li>Exkursionen zu Ausstellungen und arch\u00e4ologischen St\u00e4tten<\/li>\n<li>Informationen zum laufendem Programm des Vereins und des LVR-LandesMuseums Bonn.<\/li>\n<\/ul>\n<h4>Mitglied werden<\/h4>\n<p>Wenn Sie Mitglied des Vereins von Altertumsfreunden im Rheinlande werden m\u00f6chten, drucken Sie bitte die <a href=\"http:\/\/www.av-rheinland.de\/wp-content\/uploads\/2022\/10\/Beitrittserklaerung_neu.pdf\">Beitrittserkl\u00e4rung <\/a>aus und senden sie ausgef\u00fcllt und unterschrieben an:<\/p>\n<blockquote><p>Verein von Altertumsfreunden im Rheinlande<br \/>\nBachstr. 5-9<br \/>\n53115 Bonn<\/p><\/blockquote>\n<h4><strong>Mitgliedsbeitrag\/Jahr<\/strong><\/h4>\n<p>Jahresbeitrag f\u00fcr ordentliche Mitglieder<strong>\u00a045 \u20ac<\/strong><\/p>\n<p>Erm\u00e4\u00dfigt f\u00fcr Studierende in den ersten drei Jahren <strong>25 \u20ac<\/strong><\/p>\n<p>Institutionen <strong>65 \u20ac<\/strong><\/p>\n<p>SponsorInnen ab <strong>70 \u20ac<\/strong><\/p>\n<p>Hier ist die <a href=\"http:\/\/www.av-rheinland.de\/wp-content\/uploads\/2022\/10\/Beitrittserklaerung_neu.pdf\">Beitrittserkl\u00e4rung zum Download.<\/a><\/p>\n<p>Die Satzung des Vereins <a href=\"http:\/\/www.av-rheinland.de\/index.php\/der-verein\/satzung\/\">finden Sie hier<\/a>.<\/p>\n<p>&nbsp;<\/p>\n<p><strong>Flyer<\/strong><\/p>\n<p>Den aktuellen Flyer k\u00f6nnen Sie <a href=\"http:\/\/www.av-rheinland.de\/wp-content\/uploads\/2016\/08\/Flyer_AV_8-Seiter_2017.pdf\">hier als PDF herunterladen<\/a>.<\/p>\n","protected":false},"excerpt":{"rendered":"<p>Was bietet der Verein seinen Mitgliedern? Freien Eintritt ins LVR-LandesMuseum Bonn Preisnachlass bei Sonderausstellungen\/Ausstellungser\u00f6ffnungen ein Exemplar der Bonner Jahrb\u00fccher als Jahresgabe &#8222;Berichte aus Bonn&#8220; zweimal j\u00e4hrlich F\u00fchrungen und Vortr\u00e4ge Exkursionen zu Ausstellungen und arch\u00e4ologischen St\u00e4tten Informationen zum laufendem Programm des Vereins und des LVR-LandesMuseums Bonn. Mitglied werden Wenn Sie Mitglied des Vereins von Altertumsfreunden im &hellip; <\/p>\n<p class=\"link-more\"><a href=\"http:\/\/www.av-rheinland.de\/index.php\/mitglied-werden\/\" class=\"more-link\"><span class=\"screen-reader-text\">\u201eMitglied werden\u201c<\/span> weiterlesen<\/a><\/p>\n","protected":false},"author":1,"featured_media":0,"parent":0,"menu_order":0,"comment_status":"closed","ping_status":"closed","template":"","meta":{"jetpack_post_was_ever_published":false},"jetpack_sharing_enabled":true,"jetpack_shortlink":"https:\/\/wp.me\/P99Kwc-s","jetpack_likes_enabled":true,"jetpack-related-posts":[{"id":59,"url":"http:\/\/www.av-rheinland.de\/index.php\/aktuelles\/fuehrungen\/","url_meta":{"origin":28,"position":0},"title":"F\u00fchrungen 2021","author":"altertumsverein","date":"September 26, 2016","format":false,"excerpt":"\u00a0 Exklusiv f\u00fcr Mitglieder des Vereins werden F\u00fchrungen zu arch\u00e4ologischen St\u00e4tten unter wissenschaftlicher Leitung angeboten, in der Regel umsonst. In der arch\u00e4ologischen Museumslandschaft des K\u00f6ln-Bonner Raumes hat sich viel getan und man bleibt dynamisch. Um den \u00dcberblick zu behalten, besichtigen wir mehrere kleine und gro\u00dfe Ausstellungsorte. Die Mitglieder des Altertumsvereins,\u2026","rel":"","context":"\u00c4hnlicher Beitrag","block_context":{"text":"\u00c4hnlicher Beitrag","link":""},"img":{"alt_text":"","src":"","width":0,"height":0},"classes":[]},{"id":2,"url":"http:\/\/www.av-rheinland.de\/","url_meta":{"origin":28,"position":1},"title":"Willkommen","author":"altertumsverein","date":"August 6, 2016","format":false,"excerpt":"Willkommen auf der Homepage des Vereins von Altertumsfreunden im Rheinlande Der Verein von Altertumsfreunden im Rheinlande wurde am 1. Oktober 1841 mit der Zielsetzung gegr\u00fcndet, \"f\u00fcr die Erhaltung, Bekanntmachung und Erkl\u00e4rung geschichtlicher Denkm\u00e4ler aller Art, insbesondere solche aus dem Altertum und dem Mittelalter, in dem Stromgebiete des Rheines Sorge zu\u2026","rel":"","context":"\u00c4hnlicher Beitrag","block_context":{"text":"\u00c4hnlicher Beitrag","link":""},"img":{"alt_text":"","src":"","width":0,"height":0},"classes":[]},{"id":11,"url":"http:\/\/www.av-rheinland.de\/index.php\/der-verein\/","url_meta":{"origin":28,"position":2},"title":"Der Verein","author":"altertumsverein","date":"August 6, 2016","format":false,"excerpt":"Die Aufgaben des Vereins Der Verein von Altertumsfreunden im Rheinlande gibt zusammen mit dem LVR-LandesMuseum Bonn und dem LVR-Amt f\u00fcr Bodendenkmalpflege im Rheinland die Bonner Jahrb\u00fccher heraus. unterst\u00fctzt die Arbeit des LVR-LandesMuseums Bonn durch finanzielle Zusch\u00fcsse f\u00fcr Neuerwerbungen, f\u00fcr die gemeinsame Bibliothek von Museum und Verein, f\u00fcr Ver\u00f6ffentlichungen und f\u00fcr\u2026","rel":"","context":"\u00c4hnlicher Beitrag","block_context":{"text":"\u00c4hnlicher Beitrag","link":""},"img":{"alt_text":"","src":"https:\/\/i0.wp.com\/www.av-rheinland.de\/wp-content\/uploads\/2016\/08\/A_139_0-11.jpg?resize=350%2C200","width":350,"height":200},"classes":[]},{"id":174,"url":"http:\/\/www.av-rheinland.de\/index.php\/der-verein\/publikationen\/bonner-jahrbuecher\/","url_meta":{"origin":28,"position":3},"title":"Bonner Jahrb\u00fccher","author":"altertumsverein","date":"September 7, 2017","format":false,"excerpt":"Herausgeber der Zeitschrift sind das Rheinische Landesmuseum Bonn und die Rheinische Bodendenkmalpflege, die beide dem Landschaftsverband Rheinland angeh\u00f6ren, sowie als Begr\u00fcnder des Blattes der Verein von Altertumsfreunden im Rheinlande. Die Bonner Jahrb\u00fccher verstehen sich als internationales wissenschaftliches Publikationsmedium f\u00fcr Arch\u00e4ologie und Geschichte. Neben der Klassischen Antike des Mittelmeerraumes gilt besonderes\u2026","rel":"","context":"\u00c4hnlicher Beitrag","block_context":{"text":"\u00c4hnlicher Beitrag","link":""},"img":{"alt_text":"","src":"","width":0,"height":0},"classes":[]},{"id":159,"url":"http:\/\/www.av-rheinland.de\/index.php\/der-verein\/publikationen\/","url_meta":{"origin":28,"position":4},"title":"Publikationen","author":"altertumsverein","date":"September 7, 2017","format":false,"excerpt":"Die Bonner Jahrb\u00fccher und ihre Beihefte werden nicht mehr bei der Wissenschaftlichen Buchgesellschaft verlegt. Verlagsabonnenten, die unsere Zeitschrift bisher j\u00e4hrlich von dort bezogen haben, erhalten sie derzeit nicht automatisch. Der Band 222, 2022 ist im Selbstverlag erschienen. Ab Band 223, 2023 erscheint die Zeitschrift bei unserem neuen Verlag: Dr. Rudolf\u2026","rel":"","context":"\u00c4hnlicher Beitrag","block_context":{"text":"\u00c4hnlicher Beitrag","link":""},"img":{"alt_text":"","src":"","width":0,"height":0},"classes":[]},{"id":37,"url":"http:\/\/www.av-rheinland.de\/index.php\/impressum\/","url_meta":{"origin":28,"position":5},"title":"Impressum","author":"altertumsverein","date":"August 6, 2016","format":false,"excerpt":"Verein von Altertumsfreunden im Rheinlande Bachstr. 5-9 53115 Bonn Vorstandsvorsitzender: Prof. Dr. Frank Rumscheid Abteilung Klassische Arch\u00e4ologie am Institut f\u00fcr Arch\u00e4ologie und Kulturanthropologie der Universit\u00e4t Bonn Am Hofgarten 21 53113 Bonn \u00a0 Mitgliederbetreuung Irene B\u00f6ttcher Email: IreneBoettcher@freenet.de Tel.: 01515 9880118 Internet: http:\/\/www.av-rheinland.de Haftungshinweis: Trotz sorgf\u00e4ltiger inhaltlicher Kontrolle \u00fcbernehmen wir keine\u2026","rel":"","context":"\u00c4hnlicher Beitrag","block_context":{"text":"\u00c4hnlicher Beitrag","link":""},"img":{"alt_text":"","src":"","width":0,"height":0},"classes":[]}],"_links":{"self":[{"href":"http:\/\/www.av-rheinland.de\/index.php\/wp-json\/wp\/v2\/pages\/28"}],"collection":[{"href":"http:\/\/www.av-rheinland.de\/index.php\/wp-json\/wp\/v2\/pages"}],"about":[{"href":"http:\/\/www.av-rheinland.de\/index.php\/wp-json\/wp\/v2\/types\/page"}],"author":[{"embeddable":true,"href":"http:\/\/www.av-rheinland.de\/index.php\/wp-json\/wp\/v2\/users\/1"}],"replies":[{"embeddable":true,"href":"http:\/\/www.av-rheinland.de\/index.php\/wp-json\/wp\/v2\/comments?post=28"}],"version-history":[{"count":17,"href":"http:\/\/www.av-rheinland.de\/index.php\/wp-json\/wp\/v2\/pages\/28\/revisions"}],"predecessor-version":[{"id":888,"href":"http:\/\/www.av-rheinland.de\/index.php\/wp-json\/wp\/v2\/pages\/28\/revisions\/888"}],"wp:attachment":[{"href":"http:\/\/www.av-rheinland.de\/index.php\/wp-json\/wp\/v2\/media?parent=28"}],"curies":[{"name":"wp","href":"https:\/\/api.w.org\/{rel}","templated":true}]}}