{"id":174,"date":"2017-09-07T18:07:12","date_gmt":"2017-09-07T18:07:12","guid":{"rendered":"http:\/\/www.av-rheinland.de\/?page_id=174"},"modified":"2026-01-16T08:40:18","modified_gmt":"2026-01-16T08:40:18","slug":"bonner-jahrbuecher","status":"publish","type":"page","link":"http:\/\/www.av-rheinland.de\/index.php\/der-verein\/publikationen\/bonner-jahrbuecher\/","title":{"rendered":"Bonner Jahrb\u00fccher"},"content":{"rendered":"<p>Herausgeber der Zeitschrift sind das Rheinische Landesmuseum Bonn und die Rheinische Bodendenkmalpflege, die beide dem Landschaftsverband Rheinland angeh\u00f6ren, sowie als Begr\u00fcnder des Blattes der Verein von Altertumsfreunden im Rheinlande.<\/p>\n<p>Die Bonner Jahrb\u00fccher verstehen sich als internationales wissenschaftliches Publikationsmedium f\u00fcr Arch\u00e4ologie und Geschichte. Neben der Klassischen Antike des Mittelmeerraumes gilt besonderes Interesse der Ur- und Fr\u00fchgeschichte des Rheinlands sowie den n\u00f6rdlichen Provinzen des R\u00f6mischen Reiches. Kulturgeschichtliche Untersuchungen, die einzelne Ph\u00e4nomene in ihrer \u00fcberregionalen Vernetzung darstellen, Beitr\u00e4ge zur Numismatik, Epigraphik, rheinischen Kunst- und Kulturgeschichte sowie zum Nachleben der Antike erg\u00e4nzen das Spektrum.<\/p>\n<p>Die B\u00e4nde gliedern sich in (1.) Aufs\u00e4tze, (2.) Berichte und (3.) Rezensionen. Der Berichtsteil bietet j\u00e4hrlich eine \u00dcbersicht zur T\u00e4tigkeit der drei herausgebenden Institutionen, besonders \u00fcber die Aktivit\u00e4ten der Rheinischen Bodendenkmalpflege.<\/p>\n<p><a href=\"http:\/\/journals.ub.uni-heidelberg.de\/index.php\/bjb\/issue\/archive\">Die Bonner Jahrb\u00fccher online im Portal Propylaeum<\/a><\/p>\n<p><a href=\"http:\/\/de.wikisource.org\/wiki\/Zeitschriften_%28Altertumswissenschaft%29#B\">Weitere Digitalisate der Bonner Jahrb\u00fccher 1842\u20131908<\/a><\/p>\n<p><a href=\"https:\/\/books.ub.uni-heidelberg.de\/propylaeum\/catalog\/series\/bjbbeih\">Die Beihefte der Bonner Jahrb\u00fccher online im Portal Propylaeum<\/a><\/p>\n<p><a href=\"http:\/\/www.bodendenkmalpflege.lvr.de\/de\/aktuelles\/publikationen\/publikationen_2.html\">Publikationen des LVR-Amtes f\u00fcr Bodendenkmalpflege im Rheinland<\/a><\/p>\n<p>&nbsp;<\/p>\n","protected":false},"excerpt":{"rendered":"<p>Herausgeber der Zeitschrift sind das Rheinische Landesmuseum Bonn und die Rheinische Bodendenkmalpflege, die beide dem Landschaftsverband Rheinland angeh\u00f6ren, sowie als Begr\u00fcnder des Blattes der Verein von Altertumsfreunden im Rheinlande. Die Bonner Jahrb\u00fccher verstehen sich als internationales wissenschaftliches Publikationsmedium f\u00fcr Arch\u00e4ologie und Geschichte. Neben der Klassischen Antike des Mittelmeerraumes gilt besonderes Interesse der Ur- und Fr\u00fchgeschichte &hellip; <\/p>\n<p class=\"link-more\"><a href=\"http:\/\/www.av-rheinland.de\/index.php\/der-verein\/publikationen\/bonner-jahrbuecher\/\" class=\"more-link\"><span class=\"screen-reader-text\">\u201eBonner Jahrb\u00fccher\u201c<\/span> weiterlesen<\/a><\/p>\n","protected":false},"author":1,"featured_media":0,"parent":159,"menu_order":0,"comment_status":"closed","ping_status":"closed","template":"","meta":{"jetpack_post_was_ever_published":false},"jetpack_sharing_enabled":true,"jetpack_shortlink":"https:\/\/wp.me\/P99Kwc-2O","jetpack_likes_enabled":true,"jetpack-related-posts":[{"id":1218,"url":"http:\/\/www.av-rheinland.de\/index.php\/vortraege-2025\/","url_meta":{"origin":174,"position":0},"title":"Vortr\u00e4ge 2025","author":"altertumsverein","date":"Januar 8, 2025","format":false,"excerpt":"Vorschau \u00a0 Donnerstag, den 16. Januar 2025, 18:15 Uhr H\u00f6rsaal der Klassischen Arch\u00e4ologie, AVZ III, R\u00f6merstra\u00dfe 164, Bonn Prof. Dr. Hartmut Matth\u00e4us (Universit\u00e4t Erlangen) Prinias: ein urbanes Zentrum des fr\u00fchen ersten Jahrtausends v. Chr. auf der Insel Kreta Stadtanlage, Nekropole, transmaritime Beziehungen w\u00e4hrend der ,Dark Ages\u02bb Prinias liegt an strategisch\u2026","rel":"","context":"\u00c4hnlicher Beitrag","block_context":{"text":"\u00c4hnlicher Beitrag","link":""},"img":{"alt_text":"","src":"https:\/\/i0.wp.com\/www.av-rheinland.de\/wp-content\/uploads\/2024\/12\/IMG_4685-300x200.jpg?resize=350%2C200","width":350,"height":200},"classes":[]},{"id":11,"url":"http:\/\/www.av-rheinland.de\/index.php\/der-verein\/","url_meta":{"origin":174,"position":1},"title":"Der Verein","author":"altertumsverein","date":"August 6, 2016","format":false,"excerpt":"Die Aufgaben des Vereins Der Verein von Altertumsfreunden im Rheinlande gibt zusammen mit dem LVR-LandesMuseum Bonn und dem LVR-Amt f\u00fcr Bodendenkmalpflege im Rheinland die Bonner Jahrb\u00fccher heraus. unterst\u00fctzt die Arbeit des LVR-LandesMuseums Bonn durch finanzielle Zusch\u00fcsse f\u00fcr Neuerwerbungen, f\u00fcr die gemeinsame Bibliothek von Museum und Verein, f\u00fcr Ver\u00f6ffentlichungen und f\u00fcr\u2026","rel":"","context":"\u00c4hnlicher Beitrag","block_context":{"text":"\u00c4hnlicher Beitrag","link":""},"img":{"alt_text":"","src":"https:\/\/i0.wp.com\/www.av-rheinland.de\/wp-content\/uploads\/2016\/08\/A_139_0-11.jpg?resize=350%2C200","width":350,"height":200},"classes":[]},{"id":159,"url":"http:\/\/www.av-rheinland.de\/index.php\/der-verein\/publikationen\/","url_meta":{"origin":174,"position":2},"title":"Publikationen","author":"altertumsverein","date":"September 7, 2017","format":false,"excerpt":"Die Bonner Jahrb\u00fccher und ihre Beihefte werden nicht mehr bei der Wissenschaftlichen Buchgesellschaft verlegt. Verlagsabonnenten, die unsere Zeitschrift bisher j\u00e4hrlich von dort bezogen haben, erhalten sie derzeit nicht automatisch. Der Band 222, 2022 ist im Selbstverlag erschienen. Ab Band 223, 2023 erscheint die Zeitschrift bei unserem neuen Verlag: Dr. Rudolf\u2026","rel":"","context":"\u00c4hnlicher Beitrag","block_context":{"text":"\u00c4hnlicher Beitrag","link":""},"img":{"alt_text":"","src":"","width":0,"height":0},"classes":[]},{"id":97,"url":"http:\/\/www.av-rheinland.de\/index.php\/archiv\/vortrage\/","url_meta":{"origin":174,"position":3},"title":"Vortr\u00e4ge 2014-2016","author":"altertumsverein","date":"Juni 11, 2017","format":false,"excerpt":"Hier finden Sie die Vortr\u00e4ge der Jahre 2014-2016: \u00a0 2016 Donnerstag, 8. Dezember 2016, 18 Uhr c.t. (Winckelmann-Vortrag) Prof. Dr. Andreas Schmidt-Colinet (Wien) H\u00f6rsaal des Akademischen Kunstmuseums Bonn, Am Hofgarten 21 Palmyra geht uns alle an. Die Zerst\u00f6rung unseres kulturellen Ged\u00e4chtnisses. Syrien besitzt eines der weltweit bedeutendsten Kulturarchive, das von\u2026","rel":"","context":"\u00c4hnlicher Beitrag","block_context":{"text":"\u00c4hnlicher Beitrag","link":""},"img":{"alt_text":"","src":"","width":0,"height":0},"classes":[]},{"id":169,"url":"http:\/\/www.av-rheinland.de\/index.php\/der-verein\/publikationen\/hinweise-fuer-aufsaetze-in-den-bonner-jahrbuechern\/","url_meta":{"origin":174,"position":4},"title":"Hinweise f\u00fcr Aufs\u00e4tze in den Bonner Jahrb\u00fcchern","author":"altertumsverein","date":"September 7, 2017","format":false,"excerpt":"Themen In den Bonner Jahrb\u00fcchern ver\u00f6ffentlichen wir wissenschaftliche Beitr\u00e4ge zu allen Fachgebieten der Arch\u00e4ologie Europas und der Alten Geschichte einschlie\u00dflich der Epigraphik. Geographisch sind auch die au\u00dfereurop\u00e4ischen Provinzen des R\u00f6mischen Reiches einbegriffen, zeitlich auch die fr\u00fchmittelalterliche Epoche. Aufs\u00e4tze zur rheinischen Kunstgeschichte und zum Nachleben der Antike sind willkommen. Manuskriptabgabe Wir\u2026","rel":"","context":"\u00c4hnlicher Beitrag","block_context":{"text":"\u00c4hnlicher Beitrag","link":""},"img":{"alt_text":"","src":"","width":0,"height":0},"classes":[]},{"id":667,"url":"http:\/\/www.av-rheinland.de\/index.php\/archiv\/vortraege-2022\/","url_meta":{"origin":174,"position":5},"title":"Vortr\u00e4ge 2022","author":"altertumsverein","date":"Juli 15, 2021","format":false,"excerpt":"Vorschau Donnerstag, 13. Januar 2022, 18:15 Uhr Dr. Mischa Meier (Universit\u00e4t T\u00fcbingen) Anschrift: R\u00f6merstra\u00dfe 164, AVZ III, 53117 Bonn, Beginn 18.15 Uhr \u00a0 Der Untergang des R\u00f6mischen Reiches Warum der Osten \u00fcberlebt hat Warum erlebte das Ostr\u00f6mische oder Byzantinische Reich im siebten und achten Jahrhundert nicht ein \u00e4hnliches Schicksal wie\u2026","rel":"","context":"\u00c4hnlicher Beitrag","block_context":{"text":"\u00c4hnlicher Beitrag","link":""},"img":{"alt_text":"","src":"https:\/\/i0.wp.com\/www.av-rheinland.de\/wp-content\/uploads\/2022\/05\/P1030380_color_abgedunkelter-Hintergr-230x300.jpg?resize=350%2C200","width":350,"height":200},"classes":[]}],"_links":{"self":[{"href":"http:\/\/www.av-rheinland.de\/index.php\/wp-json\/wp\/v2\/pages\/174"}],"collection":[{"href":"http:\/\/www.av-rheinland.de\/index.php\/wp-json\/wp\/v2\/pages"}],"about":[{"href":"http:\/\/www.av-rheinland.de\/index.php\/wp-json\/wp\/v2\/types\/page"}],"author":[{"embeddable":true,"href":"http:\/\/www.av-rheinland.de\/index.php\/wp-json\/wp\/v2\/users\/1"}],"replies":[{"embeddable":true,"href":"http:\/\/www.av-rheinland.de\/index.php\/wp-json\/wp\/v2\/comments?post=174"}],"version-history":[{"count":15,"href":"http:\/\/www.av-rheinland.de\/index.php\/wp-json\/wp\/v2\/pages\/174\/revisions"}],"predecessor-version":[{"id":1347,"href":"http:\/\/www.av-rheinland.de\/index.php\/wp-json\/wp\/v2\/pages\/174\/revisions\/1347"}],"up":[{"embeddable":true,"href":"http:\/\/www.av-rheinland.de\/index.php\/wp-json\/wp\/v2\/pages\/159"}],"wp:attachment":[{"href":"http:\/\/www.av-rheinland.de\/index.php\/wp-json\/wp\/v2\/media?parent=174"}],"curies":[{"name":"wp","href":"https:\/\/api.w.org\/{rel}","templated":true}]}}