{"id":1094,"date":"2024-01-24T10:08:00","date_gmt":"2024-01-24T10:08:00","guid":{"rendered":"http:\/\/www.av-rheinland.de\/?page_id=1094"},"modified":"2024-01-29T09:00:53","modified_gmt":"2024-01-29T09:00:53","slug":"fuehrungen-2024","status":"publish","type":"page","link":"http:\/\/www.av-rheinland.de\/index.php\/fuehrungen-2024\/","title":{"rendered":"F\u00fchrungen 2024"},"content":{"rendered":"<p><strong>F\u00fchrung zum r\u00f6mischen Bonn<\/strong><\/p>\n<p>Schon in vorr\u00f6mischer Zeit war der Ort des sp\u00e4teren Bonn durch die Eburonen besiedelt. Zu Beginn der r\u00f6mischen Kaiserzeit wechselten die Ubier von der rechtsrheinischen Seite hierher. Im Zuge der r\u00f6mischen Feldz\u00fcge nach Germanien wurden dann die ersten r\u00f6mischen Truppen in Bonn stationiert, und seit 43 n. Chr. lag n\u00f6rdlich der ubischen Siedlung eine Legion, die mit geringen Unterbrechungen bis zum Ende des R\u00f6mischen Reiches am Ort blieb. In ihrem Umfeld entwickelte sich eine Lagervorstadt mit H\u00e4usern f\u00fcr Familienangeh\u00f6rige der Soldaten und allerhand Werkst\u00e4tten und L\u00e4den, die viele Zeugnisse ihres Alltagslebens hinterlassen hat.<\/p>\n<p>Die meisten Fundst\u00fccke befinden sich im LVR-LandesMuseum Bonn, aber auch in der Stadt k\u00f6nnen noch einige Reste ausgemacht werden, die einen Blick auf die R\u00f6mer in Bonn erm\u00f6glichen.<\/p>\n<p>Seit vielen Jahren bietet der Verein von Altertumsfreunden im Rheinlande an, im Rahmen einer F\u00fchrung diese \u00dcberreste kennenzulernen und N\u00e4heres \u00fcber ihren historischen und kulturgeschichtlichen Hintergrund zu erfahren.<\/p>\n<p>Diese <strong>kostenlosen F\u00fchrungen<\/strong> dauern ca. 1,5 Stunden. Die Reste der r\u00f6mischen Badeanlagen am Collegium Albertinum und des r\u00f6mischen Legionslagers in der Nordstadt bilden dabei Anfang und Ende der F\u00fchrung.<\/p>\n<p>Bitte melden Sie sich rechtzeitig an. Senden Sie daf\u00fcr eine E-Mail an <a href=\"mailto:roemischesbonn@gmail.com\"><strong>roemischesbonn@gmail.com<\/strong><\/a>. Bitte nennen Sie dabei Namen und E-Mail-Adresse der von Ihnen angemeldeten Personen.<\/p>\n<p>Treffpunkt: Collegium Albertinum, Adenauerallee 17\u201319, 53111 Bonn, 15 Uhr.<\/p>\n<p>&nbsp;<\/p>\n<p><strong>Termine:<\/strong><\/p>\n<p>21.04.2024<\/p>\n<p>19.05.2024<\/p>\n<p>16.06.2024<\/p>\n<p>14.07.2024<\/p>\n<p>18.08.2024<\/p>\n<p>08.09.2024 Tag des offenen Denkmals<\/p>\n<p>20.10.2024<\/p>\n","protected":false},"excerpt":{"rendered":"<p>F\u00fchrung zum r\u00f6mischen Bonn Schon in vorr\u00f6mischer Zeit war der Ort des sp\u00e4teren Bonn durch die Eburonen besiedelt. Zu Beginn der r\u00f6mischen Kaiserzeit wechselten die Ubier von der rechtsrheinischen Seite hierher. Im Zuge der r\u00f6mischen Feldz\u00fcge nach Germanien wurden dann die ersten r\u00f6mischen Truppen in Bonn stationiert, und seit 43 n. Chr. lag n\u00f6rdlich der &hellip; <\/p>\n<p class=\"link-more\"><a href=\"http:\/\/www.av-rheinland.de\/index.php\/fuehrungen-2024\/\" class=\"more-link\"><span class=\"screen-reader-text\">\u201eF\u00fchrungen 2024\u201c<\/span> weiterlesen<\/a><\/p>\n","protected":false},"author":1,"featured_media":0,"parent":0,"menu_order":0,"comment_status":"closed","ping_status":"closed","template":"","meta":{"jetpack_post_was_ever_published":false},"jetpack_sharing_enabled":true,"jetpack_shortlink":"https:\/\/wp.me\/P99Kwc-hE","jetpack_likes_enabled":true,"jetpack-related-posts":[{"id":1354,"url":"http:\/\/www.av-rheinland.de\/index.php\/aktuelles\/fuehrungen-2026\/","url_meta":{"origin":1094,"position":0},"title":"F\u00fchrungen 2026","author":"altertumsverein","date":"Januar 19, 2026","format":false,"excerpt":"F\u00fchrung zum r\u00f6mischen Bonn Schon in vorr\u00f6mischer Zeit war der Ort des sp\u00e4teren Bonn durch die Eburonen besiedelt. Zu Beginn der r\u00f6mischen Kaiserzeit wechselten die Ubier von der rechtsrheinischen Seite hierher. Im Zuge der r\u00f6mischen Feldz\u00fcge nach Germanien wurden dann die ersten r\u00f6mischen Truppen in Bonn stationiert, und seit 43\u2026","rel":"","context":"\u00c4hnlicher Beitrag","block_context":{"text":"\u00c4hnlicher Beitrag","link":""},"img":{"alt_text":"","src":"","width":0,"height":0},"classes":[]},{"id":955,"url":"http:\/\/www.av-rheinland.de\/index.php\/aktuelles\/fuehrungen-2023\/","url_meta":{"origin":1094,"position":1},"title":"F\u00fchrungen 2023","author":"altertumsverein","date":"Mai 8, 2023","format":false,"excerpt":"F\u00fchrung zum r\u00f6mischen Bonn Schon in vorr\u00f6mischer Zeit war der Ort des sp\u00e4teren Bonn durch die Eburonen besiedelt. Zu Beginn der r\u00f6mischen Kaiserzeit wechselten die Ubier von der rechtsrheinischen Seite hierher. Im Zuge der r\u00f6mischen Feldz\u00fcge nach Germanien wurden dann die ersten r\u00f6mischen Truppen in Bonn stationiert, und seit 43\u2026","rel":"","context":"\u00c4hnlicher Beitrag","block_context":{"text":"\u00c4hnlicher Beitrag","link":""},"img":{"alt_text":"","src":"","width":0,"height":0},"classes":[]},{"id":1223,"url":"http:\/\/www.av-rheinland.de\/index.php\/fuehrungen-2025\/","url_meta":{"origin":1094,"position":2},"title":"F\u00fchrungen 2025","author":"altertumsverein","date":"Januar 8, 2025","format":false,"excerpt":"F\u00fchrung zum r\u00f6mischen Bonn Schon in vorr\u00f6mischer Zeit war der Ort des sp\u00e4teren Bonn durch die Eburonen besiedelt. Zu Beginn der r\u00f6mischen Kaiserzeit wechselten die Ubier von der rechtsrheinischen Seite hierher. Im Zuge der r\u00f6mischen Feldz\u00fcge nach Germanien wurden dann die ersten r\u00f6mischen Truppen in Bonn stationiert, und seit 43\u2026","rel":"","context":"\u00c4hnlicher Beitrag","block_context":{"text":"\u00c4hnlicher Beitrag","link":""},"img":{"alt_text":"","src":"","width":0,"height":0},"classes":[]},{"id":772,"url":"http:\/\/www.av-rheinland.de\/index.php\/fuehrungen-2022\/","url_meta":{"origin":1094,"position":3},"title":"F\u00fchrungen 2022","author":"altertumsverein","date":"Mai 13, 2022","format":false,"excerpt":"F\u00fchrung zum r\u00f6mischen Bonn Schon in vorr\u00f6mischer Zeit war der Ort des sp\u00e4teren Bonn durch die Eburonen besiedelt. Zu Beginn der r\u00f6mischen Kaiserzeit wechselten die Ubier von der rechtsrheinischen Seite hierher. Im Zuge der r\u00f6mischen Feldz\u00fcge nach Germanien wurden dann die ersten r\u00f6mischen Truppen in Bonn stationiert, und seit 43\u2026","rel":"","context":"\u00c4hnlicher Beitrag","block_context":{"text":"\u00c4hnlicher Beitrag","link":""},"img":{"alt_text":"","src":"","width":0,"height":0},"classes":[]},{"id":59,"url":"http:\/\/www.av-rheinland.de\/index.php\/aktuelles\/fuehrungen\/","url_meta":{"origin":1094,"position":4},"title":"F\u00fchrungen 2021","author":"altertumsverein","date":"September 26, 2016","format":false,"excerpt":"\u00a0 Exklusiv f\u00fcr Mitglieder des Vereins werden F\u00fchrungen zu arch\u00e4ologischen St\u00e4tten unter wissenschaftlicher Leitung angeboten, in der Regel umsonst. In der arch\u00e4ologischen Museumslandschaft des K\u00f6ln-Bonner Raumes hat sich viel getan und man bleibt dynamisch. Um den \u00dcberblick zu behalten, besichtigen wir mehrere kleine und gro\u00dfe Ausstellungsorte. Die Mitglieder des Altertumsvereins,\u2026","rel":"","context":"\u00c4hnlicher Beitrag","block_context":{"text":"\u00c4hnlicher Beitrag","link":""},"img":{"alt_text":"","src":"","width":0,"height":0},"classes":[]},{"id":872,"url":"http:\/\/www.av-rheinland.de\/index.php\/archiv\/vortraege-2023\/","url_meta":{"origin":1094,"position":5},"title":"Vortr\u00e4ge 2023","author":"altertumsverein","date":"Oktober 24, 2022","format":false,"excerpt":"Vorschau \u00a0 Donnerstag, den 19. Januar 2023, 18:15 Uhr KIassische Arch\u00e4ologie und Akademisches Kunstmuseum, R\u00f6merstra\u00dfe 164, 53117 Bonn Dr. des. Stefan Pircher, M\u00fchldorf im M\u00f6lltal (K\u00e4rnten) und K\u00f6ln Xanten \u2013 Gr\u00e4ber und Stra\u00dfe Bestattungen des ersten Jahrhunderts im sp\u00e4teren Stadtgebiet Ein r\u00f6misches Brandgrab des ersten nachchristlichen Jahrhunderts. Foto LVR-R\u00f6mermuseum und\u2026","rel":"","context":"\u00c4hnlicher Beitrag","block_context":{"text":"\u00c4hnlicher Beitrag","link":""},"img":{"alt_text":"","src":"https:\/\/i0.wp.com\/www.av-rheinland.de\/wp-content\/uploads\/2023\/07\/Illu-Valsgaerde-7_J.Andersson_klein.jpg?resize=350%2C200","width":350,"height":200},"classes":[]}],"_links":{"self":[{"href":"http:\/\/www.av-rheinland.de\/index.php\/wp-json\/wp\/v2\/pages\/1094"}],"collection":[{"href":"http:\/\/www.av-rheinland.de\/index.php\/wp-json\/wp\/v2\/pages"}],"about":[{"href":"http:\/\/www.av-rheinland.de\/index.php\/wp-json\/wp\/v2\/types\/page"}],"author":[{"embeddable":true,"href":"http:\/\/www.av-rheinland.de\/index.php\/wp-json\/wp\/v2\/users\/1"}],"replies":[{"embeddable":true,"href":"http:\/\/www.av-rheinland.de\/index.php\/wp-json\/wp\/v2\/comments?post=1094"}],"version-history":[{"count":5,"href":"http:\/\/www.av-rheinland.de\/index.php\/wp-json\/wp\/v2\/pages\/1094\/revisions"}],"predecessor-version":[{"id":1104,"href":"http:\/\/www.av-rheinland.de\/index.php\/wp-json\/wp\/v2\/pages\/1094\/revisions\/1104"}],"wp:attachment":[{"href":"http:\/\/www.av-rheinland.de\/index.php\/wp-json\/wp\/v2\/media?parent=1094"}],"curies":[{"name":"wp","href":"https:\/\/api.w.org\/{rel}","templated":true}]}}